{"id":3570,"date":"2025-09-24T17:35:30","date_gmt":"2025-09-24T21:35:30","guid":{"rendered":"https:\/\/chiroduo.com\/?page_id=3570"},"modified":"2025-11-06T14:56:28","modified_gmt":"2025-11-06T19:56:28","slug":"virtual-appointment-calendar","status":"publish","type":"page","link":"https:\/\/chiroduo.com\/en\/agenda-cita-virtual\/","title":{"rendered":"Schedule your virtual appointment"},"content":{"rendered":"<div data-elementor-type=\"wp-page\" data-elementor-id=\"3570\" class=\"elementor elementor-3570\" data-elementor-post-type=\"page\">\n\t\t\t\t<div class=\"elementor-element elementor-element-a84f83c e-flex e-con-boxed e-con e-parent\" data-id=\"a84f83c\" data-element_type=\"container\" data-e-type=\"container\" data-settings=\"{&quot;background_background&quot;:&quot;classic&quot;}\">\n\t\t\t\t\t<div class=\"e-con-inner\">\n\t\t<div class=\"elementor-element elementor-element-b2d7aed e-con-full e-flex e-con e-child\" data-id=\"b2d7aed\" data-element_type=\"container\" data-e-type=\"container\">\n\t\t\t\t<div class=\"elementor-element elementor-element-d4f3c3b elementor-hidden-tablet elementor-hidden-mobile elementor-widget elementor-widget-heading\" data-id=\"d4f3c3b\" data-element_type=\"widget\" data-e-type=\"widget\" data-widget_type=\"heading.default\">\n\t\t\t\t\t<h1 class=\"elementor-heading-title elementor-size-default\">The doctor has an important message for you<\/h1>\t\t\t\t<\/div>\n\t\t\t\t<div class=\"elementor-element elementor-element-8e9d80a elementor-widget elementor-widget-heading\" data-id=\"8e9d80a\" data-element_type=\"widget\" data-e-type=\"widget\" data-widget_type=\"heading.default\">\n\t\t\t\t\t<p class=\"elementor-heading-title elementor-size-default\">(see it before choosing your date and time)<\/p>\t\t\t\t<\/div>\n\t\t\t\t<div class=\"elementor-element elementor-element-a4740c3 elementor-widget elementor-widget-heading\" data-id=\"a4740c3\" data-element_type=\"widget\" data-e-type=\"widget\" data-widget_type=\"heading.default\">\n\t\t\t\t\t<p class=\"elementor-heading-title elementor-size-default\">\u26a0\ufe0fsolo if you can actually attend.<\/p>\t\t\t\t<\/div>\n\t\t\t\t<div class=\"elementor-element elementor-element-0ea5565 elementor-widget elementor-widget-button\" data-id=\"0ea5565\" data-element_type=\"widget\" data-e-type=\"widget\" data-widget_type=\"button.default\">\n\t\t\t\t\t\t\t\t\t\t<a class=\"elementor-button elementor-button-link elementor-size-sm\" href=\"https:\/\/calendly.com\/chiroduo-app\/llamada-gratuita-evaluacion-inicial\" id=\"free-call\">\n\t\t\t\t\t\t<span class=\"elementor-button-content-wrapper\">\n\t\t\t\t\t\t\t\t\t<span class=\"elementor-button-text\">Make an Appointment<\/span>\n\t\t\t\t\t<\/span>\n\t\t\t\t\t<\/a>\n\t\t\t\t\t\t\t\t<\/div>\n\t\t\t\t<\/div>\n\t\t<div class=\"elementor-element elementor-element-183701e e-con-full e-flex e-con e-child\" data-id=\"183701e\" data-element_type=\"container\" data-e-type=\"container\">\n\t\t\t\t<div class=\"elementor-element elementor-element-f542071 elementor-hidden-desktop elementor-widget elementor-widget-heading\" data-id=\"f542071\" data-element_type=\"widget\" data-e-type=\"widget\" data-widget_type=\"heading.default\">\n\t\t\t\t\t<h1 class=\"elementor-heading-title elementor-size-default\">The doctor has an important message for you<\/h1>\t\t\t\t<\/div>\n\t\t\t\t<div class=\"elementor-element elementor-element-f796c5a elementor-widget elementor-widget-video\" data-id=\"f796c5a\" data-element_type=\"widget\" data-e-type=\"widget\" data-settings=\"{&quot;youtube_url&quot;:&quot;https:\\\/\\\/youtu.be\\\/FoXaPsoC8oI&quot;,&quot;autoplay&quot;:&quot;yes&quot;,&quot;play_on_mobile&quot;:&quot;yes&quot;,&quot;loop&quot;:&quot;yes&quot;,&quot;video_type&quot;:&quot;youtube&quot;}\" data-widget_type=\"video.default\">\n\t\t\t\t\t\t\t<div class=\"elementor-wrapper elementor-open-inline\">\n\t\t\t<div class=\"elementor-video\"><\/div>\t\t<\/div>\n\t\t\t\t\t\t<\/div>\n\t\t\t\t<\/div>\n\t\t\t\t\t<\/div>\n\t\t\t\t<\/div>\n\t\t\t\t<\/div>","protected":false},"excerpt":{"rendered":"<p>The doctor has an important message for you (check it out before choosing your date and time) \u26a0\ufe0fsolo if you can actually attend. Make an Appointment The doctor has an important message for you https:\/\/youtu.be\/FoXaPsoC8oI<\/p>","protected":false},"author":1,"featured_media":0,"parent":0,"menu_order":0,"comment_status":"closed","ping_status":"closed","template":"elementor_canvas","meta":{"footnotes":""},"class_list":["post-3570","page","type-page","status-publish","hentry"],"yoast_head":"<!-- This site is optimized with the Yoast SEO plugin v27.3 - https:\/\/yoast.com\/product\/yoast-seo-wordpress\/ -->\n<title>Agenda tu cita virtual - ChiroDuo Quiropr\u00e1cticos | Atenci\u00f3n M\u00f3vil en Carolina del Norte<\/title>\n<meta name=\"robots\" content=\"index, follow, max-snippet:-1, max-image-preview:large, max-video-preview:-1\" \/>\n<link rel=\"canonical\" href=\"https:\/\/chiroduo.com\/en\/virtual-appointment-calendar\/\" \/>\n<meta property=\"og:locale\" content=\"en_US\" \/>\n<meta property=\"og:type\" content=\"article\" \/>\n<meta property=\"og:title\" content=\"Agenda tu cita virtual - ChiroDuo Quiropr\u00e1cticos | Atenci\u00f3n M\u00f3vil en Carolina del Norte\" \/>\n<meta property=\"og:description\" content=\"El doctor tiene un mensaje importante para ti (m\u00edralo antes de elegir tu fecha y hora) \u26a0\ufe0fsolo si realmente puedes asistir. Sacar Cita El doctor tiene un mensaje importante para ti https:\/\/youtu.be\/FoXaPsoC8oI\" \/>\n<meta property=\"og:url\" content=\"https:\/\/chiroduo.com\/en\/virtual-appointment-calendar\/\" \/>\n<meta property=\"og:site_name\" content=\"ChiroDuo Quiropr\u00e1cticos | Atenci\u00f3n M\u00f3vil en Carolina del Norte\" \/>\n<meta property=\"article:publisher\" content=\"https:\/\/www.facebook.com\/chiroduo\/\" \/>\n<meta property=\"article:modified_time\" content=\"2025-11-06T19:56:28+00:00\" \/>\n<meta name=\"twitter:card\" content=\"summary_large_image\" \/>\n<meta name=\"twitter:label1\" content=\"Est. reading time\" \/>\n\t<meta name=\"twitter:data1\" content=\"1 minute\" \/>\n<script type=\"application\/ld+json\" class=\"yoast-schema-graph\">{\"@context\":\"https:\\\/\\\/schema.org\",\"@graph\":[{\"@type\":\"WebPage\",\"@id\":\"https:\\\/\\\/chiroduo.com\\\/agenda-cita-virtual\\\/\",\"url\":\"https:\\\/\\\/chiroduo.com\\\/agenda-cita-virtual\\\/\",\"name\":\"Agenda tu cita virtual - ChiroDuo Quiropr\u00e1cticos | Atenci\u00f3n M\u00f3vil en Carolina del Norte\",\"isPartOf\":{\"@id\":\"https:\\\/\\\/chiroduo.com\\\/#website\"},\"datePublished\":\"2025-09-24T21:35:30+00:00\",\"dateModified\":\"2025-11-06T19:56:28+00:00\",\"breadcrumb\":{\"@id\":\"https:\\\/\\\/chiroduo.com\\\/agenda-cita-virtual\\\/#breadcrumb\"},\"inLanguage\":\"en-US\",\"potentialAction\":[{\"@type\":\"ReadAction\",\"target\":[\"https:\\\/\\\/chiroduo.com\\\/agenda-cita-virtual\\\/\"]}]},{\"@type\":\"BreadcrumbList\",\"@id\":\"https:\\\/\\\/chiroduo.com\\\/agenda-cita-virtual\\\/#breadcrumb\",\"itemListElement\":[{\"@type\":\"ListItem\",\"position\":1,\"name\":\"Home\",\"item\":\"https:\\\/\\\/chiroduo.com\\\/\"},{\"@type\":\"ListItem\",\"position\":2,\"name\":\"Agenda tu cita virtual\"}]},{\"@type\":\"WebSite\",\"@id\":\"https:\\\/\\\/chiroduo.com\\\/#website\",\"url\":\"https:\\\/\\\/chiroduo.com\\\/\",\"name\":\"ChiroDuo Quiropr\u00e1cticos | Atenci\u00f3n M\u00f3vil en Carolina del Norte\",\"description\":\"Alivio del dolor y bienestar quiropr\u00e1ctico cerca de ti. Encuentra atenci\u00f3n en nuestras cl\u00ednicas m\u00f3viles y oficina en Raleigh, Smithfield y Durham.\",\"publisher\":{\"@id\":\"https:\\\/\\\/chiroduo.com\\\/#organization\"},\"potentialAction\":[{\"@type\":\"SearchAction\",\"target\":{\"@type\":\"EntryPoint\",\"urlTemplate\":\"https:\\\/\\\/chiroduo.com\\\/?s={search_term_string}\"},\"query-input\":{\"@type\":\"PropertyValueSpecification\",\"valueRequired\":true,\"valueName\":\"search_term_string\"}}],\"inLanguage\":\"en-US\"},{\"@type\":\"Organization\",\"@id\":\"https:\\\/\\\/chiroduo.com\\\/#organization\",\"name\":\"ChiroDuo\",\"url\":\"https:\\\/\\\/chiroduo.com\\\/\",\"logo\":{\"@type\":\"ImageObject\",\"inLanguage\":\"en-US\",\"@id\":\"https:\\\/\\\/chiroduo.com\\\/#\\\/schema\\\/logo\\\/image\\\/\",\"url\":\"https:\\\/\\\/chiroduo.com\\\/wp-content\\\/uploads\\\/2025\\\/03\\\/logo-chiroduo-azul.webp\",\"contentUrl\":\"https:\\\/\\\/chiroduo.com\\\/wp-content\\\/uploads\\\/2025\\\/03\\\/logo-chiroduo-azul.webp\",\"width\":350,\"height\":100,\"caption\":\"ChiroDuo\"},\"image\":{\"@id\":\"https:\\\/\\\/chiroduo.com\\\/#\\\/schema\\\/logo\\\/image\\\/\"},\"sameAs\":[\"https:\\\/\\\/www.facebook.com\\\/chiroduo\\\/\",\"https:\\\/\\\/www.youtube.com\\\/channel\\\/UCo8W8lrNHxWRLwrnlOY20tw\",\"https:\\\/\\\/www.tiktok.com\\\/@chiroduo\",\"https:\\\/\\\/www.instagram.com\\\/chiroduonc\\\/\"]}]}<\/script>\n<!-- \/ Yoast SEO plugin. -->","yoast_head_json":{"title":"Schedule your virtual appointment - ChiroDuo Chiropractors | Mobile Care in North Carolina","robots":{"index":"index","follow":"follow","max-snippet":"max-snippet:-1","max-image-preview":"max-image-preview:large","max-video-preview":"max-video-preview:-1"},"canonical":"https:\/\/chiroduo.com\/en\/virtual-appointment-calendar\/","og_locale":"en_US","og_type":"article","og_title":"Agenda tu cita virtual - ChiroDuo Quiropr\u00e1cticos | Atenci\u00f3n M\u00f3vil en Carolina del Norte","og_description":"El doctor tiene un mensaje importante para ti (m\u00edralo antes de elegir tu fecha y hora) \u26a0\ufe0fsolo si realmente puedes asistir. Sacar Cita El doctor tiene un mensaje importante para ti https:\/\/youtu.be\/FoXaPsoC8oI","og_url":"https:\/\/chiroduo.com\/en\/virtual-appointment-calendar\/","og_site_name":"ChiroDuo Quiropr\u00e1cticos | Atenci\u00f3n M\u00f3vil en Carolina del Norte","article_publisher":"https:\/\/www.facebook.com\/chiroduo\/","article_modified_time":"2025-11-06T19:56:28+00:00","twitter_card":"summary_large_image","twitter_misc":{"Est. reading time":"1 minute"},"schema":{"@context":"https:\/\/schema.org","@graph":[{"@type":"WebPage","@id":"https:\/\/chiroduo.com\/agenda-cita-virtual\/","url":"https:\/\/chiroduo.com\/agenda-cita-virtual\/","name":"Schedule your virtual appointment - ChiroDuo Chiropractors | Mobile Care in North Carolina","isPartOf":{"@id":"https:\/\/chiroduo.com\/#website"},"datePublished":"2025-09-24T21:35:30+00:00","dateModified":"2025-11-06T19:56:28+00:00","breadcrumb":{"@id":"https:\/\/chiroduo.com\/agenda-cita-virtual\/#breadcrumb"},"inLanguage":"en-US","potentialAction":[{"@type":"ReadAction","target":["https:\/\/chiroduo.com\/agenda-cita-virtual\/"]}]},{"@type":"BreadcrumbList","@id":"https:\/\/chiroduo.com\/agenda-cita-virtual\/#breadcrumb","itemListElement":[{"@type":"ListItem","position":1,"name":"Home","item":"https:\/\/chiroduo.com\/"},{"@type":"ListItem","position":2,"name":"Agenda tu cita virtual"}]},{"@type":"WebSite","@id":"https:\/\/chiroduo.com\/#website","url":"https:\/\/chiroduo.com\/","name":"ChiroDuo Chiropractors | Mobile Chiropractic Care in North Carolina","description":"Chiropractic pain relief and wellness near you. Find care at our mobile clinics and office in Raleigh, Smithfield and Durham.","publisher":{"@id":"https:\/\/chiroduo.com\/#organization"},"potentialAction":[{"@type":"SearchAction","target":{"@type":"EntryPoint","urlTemplate":"https:\/\/chiroduo.com\/?s={search_term_string}"},"query-input":{"@type":"PropertyValueSpecification","valueRequired":true,"valueName":"search_term_string"}}],"inLanguage":"en-US"},{"@type":"Organization","@id":"https:\/\/chiroduo.com\/#organization","name":"ChiroDuo","url":"https:\/\/chiroduo.com\/","logo":{"@type":"ImageObject","inLanguage":"en-US","@id":"https:\/\/chiroduo.com\/#\/schema\/logo\/image\/","url":"https:\/\/chiroduo.com\/wp-content\/uploads\/2025\/03\/logo-chiroduo-azul.webp","contentUrl":"https:\/\/chiroduo.com\/wp-content\/uploads\/2025\/03\/logo-chiroduo-azul.webp","width":350,"height":100,"caption":"ChiroDuo"},"image":{"@id":"https:\/\/chiroduo.com\/#\/schema\/logo\/image\/"},"sameAs":["https:\/\/www.facebook.com\/chiroduo\/","https:\/\/www.youtube.com\/channel\/UCo8W8lrNHxWRLwrnlOY20tw","https:\/\/www.tiktok.com\/@chiroduo","https:\/\/www.instagram.com\/chiroduonc\/"]}]}},"_links":{"self":[{"href":"https:\/\/chiroduo.com\/en\/wp-json\/wp\/v2\/pages\/3570","targetHints":{"allow":["GET"]}}],"collection":[{"href":"https:\/\/chiroduo.com\/en\/wp-json\/wp\/v2\/pages"}],"about":[{"href":"https:\/\/chiroduo.com\/en\/wp-json\/wp\/v2\/types\/page"}],"author":[{"embeddable":true,"href":"https:\/\/chiroduo.com\/en\/wp-json\/wp\/v2\/users\/1"}],"replies":[{"embeddable":true,"href":"https:\/\/chiroduo.com\/en\/wp-json\/wp\/v2\/comments?post=3570"}],"version-history":[{"count":0,"href":"https:\/\/chiroduo.com\/en\/wp-json\/wp\/v2\/pages\/3570\/revisions"}],"wp:attachment":[{"href":"https:\/\/chiroduo.com\/en\/wp-json\/wp\/v2\/media?parent=3570"}],"curies":[{"name":"wp","href":"https:\/\/api.w.org\/{rel}","templated":true}]}}