{"id":3624,"date":"2025-10-01T16:02:57","date_gmt":"2025-10-01T20:02:57","guid":{"rendered":"https:\/\/chiroduo.com\/?page_id=3624"},"modified":"2025-11-11T14:29:46","modified_gmt":"2025-11-11T19:29:46","slug":"appointment-confirmed-doctor","status":"publish","type":"page","link":"https:\/\/chiroduo.com\/en\/cita-confirmada-doctor\/","title":{"rendered":"Tu Cita Est\u00e1 Confirmada &#8211; Doctor"},"content":{"rendered":"<div data-elementor-type=\"wp-page\" data-elementor-id=\"3624\" class=\"elementor elementor-3624\" data-elementor-post-type=\"page\">\n\t\t\t\t<div class=\"elementor-element elementor-element-6e85794 e-flex e-con-boxed e-con e-parent\" data-id=\"6e85794\" data-element_type=\"container\" data-e-type=\"container\" data-settings=\"{&quot;background_background&quot;:&quot;classic&quot;}\">\n\t\t\t\t\t<div class=\"e-con-inner\">\n\t\t<div class=\"elementor-element elementor-element-c3a2bf2 e-con-full e-flex e-con e-child\" data-id=\"c3a2bf2\" data-element_type=\"container\" data-e-type=\"container\">\n\t\t\t\t<div class=\"elementor-element elementor-element-fe0ab2a elementor-widget elementor-widget-video\" data-id=\"fe0ab2a\" data-element_type=\"widget\" data-e-type=\"widget\" data-settings=\"{&quot;youtube_url&quot;:&quot;http:\\\/\\\/youtube.com\\\/watch?v=fdtDnoHJ0qo&quot;,&quot;autoplay&quot;:&quot;yes&quot;,&quot;loop&quot;:&quot;yes&quot;,&quot;video_type&quot;:&quot;youtube&quot;}\" data-widget_type=\"video.default\">\n\t\t\t\t\t\t\t<div class=\"elementor-wrapper elementor-open-inline\">\n\t\t\t<div class=\"elementor-video\"><\/div>\t\t<\/div>\n\t\t\t\t\t\t<\/div>\n\t\t\t\t<\/div>\n\t\t\t\t<div class=\"elementor-element elementor-element-7d6cf28 animated-slow elementor-invisible elementor-widget elementor-widget-heading\" data-id=\"7d6cf28\" data-element_type=\"widget\" data-e-type=\"widget\" data-settings=\"{&quot;_animation&quot;:&quot;fadeInUp&quot;}\" data-widget_type=\"heading.default\">\n\t\t\t\t\t<h1 class=\"elementor-heading-title elementor-size-default\">You have just taken the first real step toward a pain-free life.<\/h1>\t\t\t\t<\/div>\n\t\t<div class=\"elementor-element elementor-element-502147e e-con-full e-flex e-con e-child\" data-id=\"502147e\" data-element_type=\"container\" data-e-type=\"container\">\n\t\t\t\t<div class=\"elementor-element elementor-element-b6adc07 elementor-widget elementor-widget-heading\" data-id=\"b6adc07\" data-element_type=\"widget\" data-e-type=\"widget\" data-widget_type=\"heading.default\">\n\t\t\t\t\t<h2 class=\"elementor-heading-title elementor-size-default\">What happens now?<\/h2>\t\t\t\t<\/div>\n\t\t\t\t<\/div>\n\t\t<div class=\"elementor-element elementor-element-2814979 e-con-full e-flex e-con e-child\" data-id=\"2814979\" data-element_type=\"container\" data-e-type=\"container\">\n\t\t\t\t<div class=\"elementor-element elementor-element-4a6ff9a elementor-widget__width-initial elementor-view-default elementor-position-block-start elementor-mobile-position-block-start elementor-widget elementor-widget-icon-box\" data-id=\"4a6ff9a\" data-element_type=\"widget\" data-e-type=\"widget\" data-widget_type=\"icon-box.default\">\n\t\t\t\t\t\t\t<div class=\"elementor-icon-box-wrapper\">\n\n\t\t\t\t\t\t<div class=\"elementor-icon-box-icon\">\n\t\t\t\t<span  class=\"elementor-icon\">\n\t\t\t\t<svg aria-hidden=\"true\" class=\"e-font-icon-svg e-fab-whatsapp\" viewbox=\"0 0 448 512\" xmlns=\"http:\/\/www.w3.org\/2000\/svg\"><path d=\"M380.9 97.1C339 55.1 283.2 32 223.9 32c-122.4 0-222 99.6-222 222 0 39.1 10.2 77.3 29.6 111L0 480l117.7-30.9c32.4 17.7 68.9 27 106.1 27h.1c122.3 0 224.1-99.6 224.1-222 0-59.3-25.2-115-67.1-157zm-157 341.6c-33.2 0-65.7-8.9-94-25.7l-6.7-4-69.8 18.3L72 359.2l-4.4-7c-18.5-29.4-28.2-63.3-28.2-98.2 0-101.7 82.8-184.5 184.6-184.5 49.3 0 95.6 19.2 130.4 54.1 34.8 34.9 56.2 81.2 56.1 130.5 0 101.8-84.9 184.6-186.6 184.6zm101.2-138.2c-5.5-2.8-32.8-16.2-37.9-18-5.1-1.9-8.8-2.8-12.5 2.8-3.7 5.6-14.3 18-17.6 21.8-3.2 3.7-6.5 4.2-12 1.4-32.6-16.3-54-29.1-75.5-66-5.7-9.8 5.7-9.1 16.3-30.3 1.8-3.7.9-6.9-.5-9.7-1.4-2.8-12.5-30.1-17.1-41.2-4.5-10.8-9.1-9.3-12.5-9.5-3.2-.2-6.9-.2-10.6-.2-3.7 0-9.7 1.4-14.8 6.9-5.1 5.6-19.4 19-19.4 46.3 0 27.3 19.9 53.7 22.6 57.4 2.8 3.7 39.1 59.7 94.8 83.8 35.2 15.2 49 16.5 66.6 13.9 10.7-1.6 32.8-13.4 37.4-26.4 4.6-13 4.6-24.1 3.2-26.4-1.3-2.5-5-3.9-10.5-6.6z\"><\/path><\/svg>\t\t\t\t<\/span>\n\t\t\t<\/div>\n\t\t\t\n\t\t\t\t\t\t<div class=\"elementor-icon-box-content\">\n\n\t\t\t\t\t\t\t\t\t<h3 class=\"elementor-icon-box-title\">\n\t\t\t\t\t\t<span  >\n\t\t\t\t\t\t\tCheck your WhatsApp\t\t\t\t\t\t<\/span>\n\t\t\t\t\t<\/h3>\n\t\t\t\t\n\t\t\t\t\t\t\t\t\t<p class=\"elementor-icon-box-description\">\n\t\t\t\t\t\tWe have already sent your confirmation with the Zoom link.\t\t\t\t\t<\/p>\n\t\t\t\t\n\t\t\t<\/div>\n\t\t\t\n\t\t<\/div>\n\t\t\t\t\t\t<\/div>\n\t\t\t\t<div class=\"elementor-element elementor-element-3e00a4b elementor-widget__width-initial elementor-view-default elementor-position-block-start elementor-mobile-position-block-start elementor-widget elementor-widget-icon-box\" data-id=\"3e00a4b\" data-element_type=\"widget\" data-e-type=\"widget\" data-widget_type=\"icon-box.default\">\n\t\t\t\t\t\t\t<div class=\"elementor-icon-box-wrapper\">\n\n\t\t\t\t\t\t<div class=\"elementor-icon-box-icon\">\n\t\t\t\t<span  class=\"elementor-icon\">\n\t\t\t\t<svg aria-hidden=\"true\" class=\"e-font-icon-svg e-far-calendar-check\" viewbox=\"0 0 448 512\" xmlns=\"http:\/\/www.w3.org\/2000\/svg\"><path d=\"M400 64h-48V12c0-6.627-5.373-12-12-12h-40c-6.627 0-12 5.373-12 12v52H160V12c0-6.627-5.373-12-12-12h-40c-6.627 0-12 5.373-12 12v52H48C21.49 64 0 85.49 0 112v352c0 26.51 21.49 48 48 48h352c26.51 0 48-21.49 48-48V112c0-26.51-21.49-48-48-48zm-6 400H54a6 6 0 0 1-6-6V160h352v298a6 6 0 0 1-6 6zm-52.849-200.65L198.842 404.519c-4.705 4.667-12.303 4.637-16.971-.068l-75.091-75.699c-4.667-4.705-4.637-12.303.068-16.971l22.719-22.536c4.705-4.667 12.303-4.637 16.97.069l44.104 44.461 111.072-110.181c4.705-4.667 12.303-4.637 16.971.068l22.536 22.718c4.667 4.705 4.636 12.303-.069 16.97z\"><\/path><\/svg>\t\t\t\t<\/span>\n\t\t\t<\/div>\n\t\t\t\n\t\t\t\t\t\t<div class=\"elementor-icon-box-content\">\n\n\t\t\t\t\t\t\t\t\t<h3 class=\"elementor-icon-box-title\">\n\t\t\t\t\t\t<span  >\n\t\t\t\t\t\t\tGet ready for the call\t\t\t\t\t\t<\/span>\n\t\t\t\t\t<\/h3>\n\t\t\t\t\n\t\t\t\t\t\t\t\t\t<p class=\"elementor-icon-box-description\">\n\t\t\t\t\t\tSave the appointment in your calendar or put a reminder so you don't miss your exclusive space.\t\t\t\t\t<\/p>\n\t\t\t\t\n\t\t\t<\/div>\n\t\t\t\n\t\t<\/div>\n\t\t\t\t\t\t<\/div>\n\t\t\t\t<div class=\"elementor-element elementor-element-f7085f1 elementor-widget__width-initial elementor-view-default elementor-position-block-start elementor-mobile-position-block-start elementor-widget elementor-widget-icon-box\" data-id=\"f7085f1\" data-element_type=\"widget\" data-e-type=\"widget\" data-widget_type=\"icon-box.default\">\n\t\t\t\t\t\t\t<div class=\"elementor-icon-box-wrapper\">\n\n\t\t\t\t\t\t<div class=\"elementor-icon-box-icon\">\n\t\t\t\t<span  class=\"elementor-icon\">\n\t\t\t\t<svg aria-hidden=\"true\" class=\"e-font-icon-svg e-fas-house-user\" viewbox=\"0 0 576 512\" xmlns=\"http:\/\/www.w3.org\/2000\/svg\"><path d=\"M570.69,236.27,512,184.44V48a16,16,0,0,0-16-16H432a16,16,0,0,0-16,16V99.67L314.78,10.3C308.5,4.61,296.53,0,288,0s-20.46,4.61-26.74,10.3l-256,226A18.27,18.27,0,0,0,0,248.2a18.64,18.64,0,0,0,4.09,10.71L25.5,282.7a21.14,21.14,0,0,0,12,5.3,21.67,21.67,0,0,0,10.69-4.11l15.9-14V480a32,32,0,0,0,32,32H480a32,32,0,0,0,32-32V269.88l15.91,14A21.94,21.94,0,0,0,538.63,288a20.89,20.89,0,0,0,11.87-5.31l21.41-23.81A21.64,21.64,0,0,0,576,248.19,21,21,0,0,0,570.69,236.27ZM288,176a64,64,0,1,1-64,64A64,64,0,0,1,288,176ZM400,448H176a16,16,0,0,1-16-16,96,96,0,0,1,96-96h64a96,96,0,0,1,96,96A16,16,0,0,1,400,448Z\"><\/path><\/svg>\t\t\t\t<\/span>\n\t\t\t<\/div>\n\t\t\t\n\t\t\t\t\t\t<div class=\"elementor-icon-box-content\">\n\n\t\t\t\t\t\t\t\t\t<h3 class=\"elementor-icon-box-title\">\n\t\t\t\t\t\t<span  >\n\t\t\t\t\t\t\tChoose a quiet place\t\t\t\t\t\t<\/span>\n\t\t\t\t\t<\/h3>\n\t\t\t\t\n\t\t\t\t\t\t\t\t\t<p class=\"elementor-icon-box-description\">\n\t\t\t\t\t\tWith good internet connection, camera and space to move around.\t\t\t\t\t<\/p>\n\t\t\t\t\n\t\t\t<\/div>\n\t\t\t\n\t\t<\/div>\n\t\t\t\t\t\t<\/div>\n\t\t\t\t<\/div>\n\t\t\t\t\t<\/div>\n\t\t\t\t<\/div>\n\t\t\t\t<\/div>","protected":false},"excerpt":{"rendered":"<p>http:\/\/youtube.com\/watch?v=fdtDnoHJ0qo Acabas de dar el primer paso real hacia una vida sin dolor. \u00bfQu\u00e9 sucede ahora? Revisa tu WhatsApp Ya enviamos tu confirmaci\u00f3n con el enlace de Zoom. Prep\u00e1rate para la llamada Guarda la cita en tu calendario o pon una alrma para no perder tu espacio exclusivo. Elige un lugar tranquilo Con buena conexi\u00f3n [&hellip;]<\/p>\n","protected":false},"author":1,"featured_media":0,"parent":0,"menu_order":0,"comment_status":"closed","ping_status":"closed","template":"elementor_canvas","meta":{"footnotes":""},"class_list":["post-3624","page","type-page","status-publish","hentry"],"yoast_head":"<!-- This site is optimized with the Yoast SEO plugin v27.3 - https:\/\/yoast.com\/product\/yoast-seo-wordpress\/ -->\n<title>Tu Cita Est\u00e1 Confirmada - Doctor - ChiroDuo Quiropr\u00e1cticos | Atenci\u00f3n M\u00f3vil en Carolina del Norte<\/title>\n<meta name=\"robots\" content=\"index, follow, max-snippet:-1, max-image-preview:large, max-video-preview:-1\" \/>\n<link rel=\"canonical\" href=\"https:\/\/chiroduo.com\/en\/appointment-confirmed-doctor\/\" \/>\n<meta property=\"og:locale\" content=\"en_US\" \/>\n<meta property=\"og:type\" content=\"article\" \/>\n<meta property=\"og:title\" content=\"Tu Cita Est\u00e1 Confirmada - Doctor - ChiroDuo Quiropr\u00e1cticos | Atenci\u00f3n M\u00f3vil en Carolina del Norte\" \/>\n<meta property=\"og:description\" content=\"http:\/\/youtube.com\/watch?v=fdtDnoHJ0qo Acabas de dar el primer paso real hacia una vida sin dolor. \u00bfQu\u00e9 sucede ahora? Revisa tu WhatsApp Ya enviamos tu confirmaci\u00f3n con el enlace de Zoom. Prep\u00e1rate para la llamada Guarda la cita en tu calendario o pon una alrma para no perder tu espacio exclusivo. Elige un lugar tranquilo Con buena conexi\u00f3n [&hellip;]\" \/>\n<meta property=\"og:url\" content=\"https:\/\/chiroduo.com\/en\/appointment-confirmed-doctor\/\" \/>\n<meta property=\"og:site_name\" content=\"ChiroDuo Quiropr\u00e1cticos | Atenci\u00f3n M\u00f3vil en Carolina del Norte\" \/>\n<meta property=\"article:publisher\" content=\"https:\/\/www.facebook.com\/chiroduo\/\" \/>\n<meta property=\"article:modified_time\" content=\"2025-11-11T19:29:46+00:00\" \/>\n<meta name=\"twitter:card\" content=\"summary_large_image\" \/>\n<meta name=\"twitter:label1\" content=\"Est. reading time\" \/>\n\t<meta name=\"twitter:data1\" content=\"1 minute\" \/>\n<script type=\"application\/ld+json\" class=\"yoast-schema-graph\">{\"@context\":\"https:\\\/\\\/schema.org\",\"@graph\":[{\"@type\":\"WebPage\",\"@id\":\"https:\\\/\\\/chiroduo.com\\\/cita-confirmada-doctor\\\/\",\"url\":\"https:\\\/\\\/chiroduo.com\\\/cita-confirmada-doctor\\\/\",\"name\":\"Tu Cita Est\u00e1 Confirmada - Doctor - ChiroDuo Quiropr\u00e1cticos | Atenci\u00f3n M\u00f3vil en Carolina del Norte\",\"isPartOf\":{\"@id\":\"https:\\\/\\\/chiroduo.com\\\/#website\"},\"datePublished\":\"2025-10-01T20:02:57+00:00\",\"dateModified\":\"2025-11-11T19:29:46+00:00\",\"breadcrumb\":{\"@id\":\"https:\\\/\\\/chiroduo.com\\\/cita-confirmada-doctor\\\/#breadcrumb\"},\"inLanguage\":\"en-US\",\"potentialAction\":[{\"@type\":\"ReadAction\",\"target\":[\"https:\\\/\\\/chiroduo.com\\\/cita-confirmada-doctor\\\/\"]}]},{\"@type\":\"BreadcrumbList\",\"@id\":\"https:\\\/\\\/chiroduo.com\\\/cita-confirmada-doctor\\\/#breadcrumb\",\"itemListElement\":[{\"@type\":\"ListItem\",\"position\":1,\"name\":\"Home\",\"item\":\"https:\\\/\\\/chiroduo.com\\\/\"},{\"@type\":\"ListItem\",\"position\":2,\"name\":\"Tu Cita Est\u00e1 Confirmada &#8211; Doctor\"}]},{\"@type\":\"WebSite\",\"@id\":\"https:\\\/\\\/chiroduo.com\\\/#website\",\"url\":\"https:\\\/\\\/chiroduo.com\\\/\",\"name\":\"ChiroDuo Quiropr\u00e1cticos | Atenci\u00f3n M\u00f3vil en Carolina del Norte\",\"description\":\"Alivio del dolor y bienestar quiropr\u00e1ctico cerca de ti. Encuentra atenci\u00f3n en nuestras cl\u00ednicas m\u00f3viles y oficina en Raleigh, Smithfield y Durham.\",\"publisher\":{\"@id\":\"https:\\\/\\\/chiroduo.com\\\/#organization\"},\"potentialAction\":[{\"@type\":\"SearchAction\",\"target\":{\"@type\":\"EntryPoint\",\"urlTemplate\":\"https:\\\/\\\/chiroduo.com\\\/?s={search_term_string}\"},\"query-input\":{\"@type\":\"PropertyValueSpecification\",\"valueRequired\":true,\"valueName\":\"search_term_string\"}}],\"inLanguage\":\"en-US\"},{\"@type\":\"Organization\",\"@id\":\"https:\\\/\\\/chiroduo.com\\\/#organization\",\"name\":\"ChiroDuo\",\"url\":\"https:\\\/\\\/chiroduo.com\\\/\",\"logo\":{\"@type\":\"ImageObject\",\"inLanguage\":\"en-US\",\"@id\":\"https:\\\/\\\/chiroduo.com\\\/#\\\/schema\\\/logo\\\/image\\\/\",\"url\":\"https:\\\/\\\/chiroduo.com\\\/wp-content\\\/uploads\\\/2025\\\/03\\\/logo-chiroduo-azul.webp\",\"contentUrl\":\"https:\\\/\\\/chiroduo.com\\\/wp-content\\\/uploads\\\/2025\\\/03\\\/logo-chiroduo-azul.webp\",\"width\":350,\"height\":100,\"caption\":\"ChiroDuo\"},\"image\":{\"@id\":\"https:\\\/\\\/chiroduo.com\\\/#\\\/schema\\\/logo\\\/image\\\/\"},\"sameAs\":[\"https:\\\/\\\/www.facebook.com\\\/chiroduo\\\/\",\"https:\\\/\\\/www.youtube.com\\\/channel\\\/UCo8W8lrNHxWRLwrnlOY20tw\",\"https:\\\/\\\/www.tiktok.com\\\/@chiroduo\",\"https:\\\/\\\/www.instagram.com\\\/chiroduonc\\\/\"]}]}<\/script>\n<!-- \/ Yoast SEO plugin. -->","yoast_head_json":{"title":"Your Appointment Is Confirmed - Doctor - ChiroDuo Chiropractors | North Carolina Mobile Care","robots":{"index":"index","follow":"follow","max-snippet":"max-snippet:-1","max-image-preview":"max-image-preview:large","max-video-preview":"max-video-preview:-1"},"canonical":"https:\/\/chiroduo.com\/en\/appointment-confirmed-doctor\/","og_locale":"en_US","og_type":"article","og_title":"Tu Cita Est\u00e1 Confirmada - Doctor - ChiroDuo Quiropr\u00e1cticos | Atenci\u00f3n M\u00f3vil en Carolina del Norte","og_description":"http:\/\/youtube.com\/watch?v=fdtDnoHJ0qo Acabas de dar el primer paso real hacia una vida sin dolor. \u00bfQu\u00e9 sucede ahora? Revisa tu WhatsApp Ya enviamos tu confirmaci\u00f3n con el enlace de Zoom. Prep\u00e1rate para la llamada Guarda la cita en tu calendario o pon una alrma para no perder tu espacio exclusivo. Elige un lugar tranquilo Con buena conexi\u00f3n [&hellip;]","og_url":"https:\/\/chiroduo.com\/en\/appointment-confirmed-doctor\/","og_site_name":"ChiroDuo Quiropr\u00e1cticos | Atenci\u00f3n M\u00f3vil en Carolina del Norte","article_publisher":"https:\/\/www.facebook.com\/chiroduo\/","article_modified_time":"2025-11-11T19:29:46+00:00","twitter_card":"summary_large_image","twitter_misc":{"Est. reading time":"1 minute"},"schema":{"@context":"https:\/\/schema.org","@graph":[{"@type":"WebPage","@id":"https:\/\/chiroduo.com\/cita-confirmada-doctor\/","url":"https:\/\/chiroduo.com\/cita-confirmada-doctor\/","name":"Your Appointment Is Confirmed - Doctor - ChiroDuo Chiropractors | North Carolina Mobile Care","isPartOf":{"@id":"https:\/\/chiroduo.com\/#website"},"datePublished":"2025-10-01T20:02:57+00:00","dateModified":"2025-11-11T19:29:46+00:00","breadcrumb":{"@id":"https:\/\/chiroduo.com\/cita-confirmada-doctor\/#breadcrumb"},"inLanguage":"en-US","potentialAction":[{"@type":"ReadAction","target":["https:\/\/chiroduo.com\/cita-confirmada-doctor\/"]}]},{"@type":"BreadcrumbList","@id":"https:\/\/chiroduo.com\/cita-confirmada-doctor\/#breadcrumb","itemListElement":[{"@type":"ListItem","position":1,"name":"Home","item":"https:\/\/chiroduo.com\/"},{"@type":"ListItem","position":2,"name":"Tu Cita Est\u00e1 Confirmada &#8211; Doctor"}]},{"@type":"WebSite","@id":"https:\/\/chiroduo.com\/#website","url":"https:\/\/chiroduo.com\/","name":"ChiroDuo Chiropractors | Mobile Chiropractic Care in North Carolina","description":"Chiropractic pain relief and wellness near you. Find care at our mobile clinics and office in Raleigh, Smithfield and Durham.","publisher":{"@id":"https:\/\/chiroduo.com\/#organization"},"potentialAction":[{"@type":"SearchAction","target":{"@type":"EntryPoint","urlTemplate":"https:\/\/chiroduo.com\/?s={search_term_string}"},"query-input":{"@type":"PropertyValueSpecification","valueRequired":true,"valueName":"search_term_string"}}],"inLanguage":"en-US"},{"@type":"Organization","@id":"https:\/\/chiroduo.com\/#organization","name":"ChiroDuo","url":"https:\/\/chiroduo.com\/","logo":{"@type":"ImageObject","inLanguage":"en-US","@id":"https:\/\/chiroduo.com\/#\/schema\/logo\/image\/","url":"https:\/\/chiroduo.com\/wp-content\/uploads\/2025\/03\/logo-chiroduo-azul.webp","contentUrl":"https:\/\/chiroduo.com\/wp-content\/uploads\/2025\/03\/logo-chiroduo-azul.webp","width":350,"height":100,"caption":"ChiroDuo"},"image":{"@id":"https:\/\/chiroduo.com\/#\/schema\/logo\/image\/"},"sameAs":["https:\/\/www.facebook.com\/chiroduo\/","https:\/\/www.youtube.com\/channel\/UCo8W8lrNHxWRLwrnlOY20tw","https:\/\/www.tiktok.com\/@chiroduo","https:\/\/www.instagram.com\/chiroduonc\/"]}]}},"_links":{"self":[{"href":"https:\/\/chiroduo.com\/en\/wp-json\/wp\/v2\/pages\/3624","targetHints":{"allow":["GET"]}}],"collection":[{"href":"https:\/\/chiroduo.com\/en\/wp-json\/wp\/v2\/pages"}],"about":[{"href":"https:\/\/chiroduo.com\/en\/wp-json\/wp\/v2\/types\/page"}],"author":[{"embeddable":true,"href":"https:\/\/chiroduo.com\/en\/wp-json\/wp\/v2\/users\/1"}],"replies":[{"embeddable":true,"href":"https:\/\/chiroduo.com\/en\/wp-json\/wp\/v2\/comments?post=3624"}],"version-history":[{"count":0,"href":"https:\/\/chiroduo.com\/en\/wp-json\/wp\/v2\/pages\/3624\/revisions"}],"wp:attachment":[{"href":"https:\/\/chiroduo.com\/en\/wp-json\/wp\/v2\/media?parent=3624"}],"curies":[{"name":"wp","href":"https:\/\/api.w.org\/{rel}","templated":true}]}}