{"id":3759,"date":"2025-10-21T10:09:29","date_gmt":"2025-10-21T14:09:29","guid":{"rendered":"https:\/\/chiroduo.com\/?page_id=3759"},"modified":"2025-11-21T15:22:15","modified_gmt":"2025-11-21T20:22:15","slug":"free-appointment-contact-form","status":"publish","type":"page","link":"https:\/\/chiroduo.com\/en\/formulario-contacto-cita-gratuita\/","title":{"rendered":"Free appointment contact form"},"content":{"rendered":"\t\t<div data-elementor-type=\"wp-page\" data-elementor-id=\"3759\" class=\"elementor elementor-3759\" data-elementor-post-type=\"page\">\n\t\t\t\t<div class=\"elementor-element elementor-element-e771b15 e-con-full e-flex e-con e-parent\" data-id=\"e771b15\" data-element_type=\"container\" data-e-type=\"container\" data-settings=\"{&quot;background_background&quot;:&quot;classic&quot;}\">\n\t\t<div class=\"elementor-element elementor-element-f07a5a1 e-con-full e-flex e-con e-child\" data-id=\"f07a5a1\" data-element_type=\"container\" data-e-type=\"container\" data-settings=\"{&quot;background_background&quot;:&quot;classic&quot;}\">\n\t\t\t\t<div class=\"elementor-element elementor-element-b18afc6 elementor-widget elementor-widget-image\" data-id=\"b18afc6\" data-element_type=\"widget\" data-e-type=\"widget\" data-widget_type=\"image.default\">\n\t\t\t\t\t\t\t\t\t\t\t\t\t\t\t<img fetchpriority=\"high\" decoding=\"async\" width=\"512\" height=\"512\" src=\"https:\/\/chiroduo.com\/wp-content\/uploads\/2025\/03\/cropped-chiroduo-logo-quiropractico-icono.webp\" class=\"attachment-full size-full wp-image-42\" alt=\"chiroduo-logo-quiropractico-icono\" srcset=\"https:\/\/chiroduo.com\/wp-content\/uploads\/2025\/03\/cropped-chiroduo-logo-quiropractico-icono.webp 512w, https:\/\/chiroduo.com\/wp-content\/uploads\/2025\/03\/cropped-chiroduo-logo-quiropractico-icono-300x300.webp 300w, https:\/\/chiroduo.com\/wp-content\/uploads\/2025\/03\/cropped-chiroduo-logo-quiropractico-icono-150x150.webp 150w, https:\/\/chiroduo.com\/wp-content\/uploads\/2025\/03\/cropped-chiroduo-logo-quiropractico-icono-270x270.webp 270w, https:\/\/chiroduo.com\/wp-content\/uploads\/2025\/03\/cropped-chiroduo-logo-quiropractico-icono-192x192.webp 192w, https:\/\/chiroduo.com\/wp-content\/uploads\/2025\/03\/cropped-chiroduo-logo-quiropractico-icono-180x180.webp 180w, https:\/\/chiroduo.com\/wp-content\/uploads\/2025\/03\/cropped-chiroduo-logo-quiropractico-icono-32x32.webp 32w\" sizes=\"(max-width: 512px) 100vw, 512px\" \/>\t\t\t\t\t\t\t\t\t\t\t\t\t\t\t<\/div>\n\t\t\t\t<div class=\"elementor-element elementor-element-66836a3e elementor-widget elementor-widget-heading\" data-id=\"66836a3e\" data-element_type=\"widget\" data-e-type=\"widget\" data-widget_type=\"heading.default\">\n\t\t\t\t\t<h1 class=\"elementor-heading-title elementor-size-default\">\u00bfPreparado para dejar atr\u00e1s el dolor de una vez por todas?<\/h1>\t\t\t\t<\/div>\n\t\t\t\t<div class=\"elementor-element elementor-element-1da67a9 elementor-widget elementor-widget-text-editor\" data-id=\"1da67a9\" data-element_type=\"widget\" data-e-type=\"widget\" data-widget_type=\"text-editor.default\">\n\t\t\t\t\t\t\t\t\t<p>Esto es <strong>solo para personas comprometidas<\/strong> que realmente quieran sanar.<\/p>\t\t\t\t\t\t\t\t<\/div>\n\t\t\t\t<\/div>\n\t\t<div class=\"elementor-element elementor-element-558f85bf e-con-full e-flex e-con e-child\" data-id=\"558f85bf\" data-element_type=\"container\" data-e-type=\"container\">\n\t\t\t\t<div class=\"elementor-element elementor-element-1198efaf elementor-button-align-start elementor-tablet-button-align-center elementor-widget elementor-widget-form\" data-id=\"1198efaf\" data-element_type=\"widget\" data-e-type=\"widget\" data-settings=\"{&quot;step_next_label&quot;:&quot;Next&quot;,&quot;step_previous_label&quot;:&quot;Previous&quot;,&quot;button_width&quot;:&quot;100&quot;,&quot;step_type&quot;:&quot;number_text&quot;,&quot;step_icon_shape&quot;:&quot;circle&quot;}\" data-widget_type=\"form.default\">\n\t\t\t\t\t\t\t<form class=\"elementor-form\" method=\"post\" name=\"Contact Form\" aria-label=\"Contact Form\">\n\t\t\t<input type=\"hidden\" name=\"post_id\" value=\"3759\"\/>\n\t\t\t<input type=\"hidden\" name=\"form_id\" value=\"1198efaf\"\/>\n\t\t\t<input type=\"hidden\" name=\"referer_title\" value=\"Formulario contacto cita gratuita - ChiroDuo Quiropr\u00e1cticos | Atenci\u00f3n M\u00f3vil en Carolina del Norte\" \/>\n\n\t\t\t\t\t\t\t<input type=\"hidden\" name=\"queried_id\" value=\"3759\"\/>\n\t\t\t\n\t\t\t<div class=\"elementor-form-fields-wrapper elementor-labels-\">\n\t\t\t\t\t\t\t\t<div class=\"elementor-field-type-text elementor-field-group elementor-column elementor-field-group-name elementor-col-50 elementor-field-required\">\n\t\t\t\t\t\t\t\t\t\t\t\t<label for=\"form-field-name\" class=\"elementor-field-label elementor-screen-only\">\n\t\t\t\t\t\t\t\tYour Name\t\t\t\t\t\t\t<\/label>\n\t\t\t\t\t\t\t\t\t\t\t\t\t\t<input size=\"1\" type=\"text\" name=\"form_fields[name]\" id=\"form-field-name\" class=\"elementor-field elementor-size-sm  elementor-field-textual\" placeholder=\"Your Name*\" required=\"required\">\n\t\t\t\t\t\t\t\t\t\t\t<\/div>\n\t\t\t\t\t\t\t\t<div class=\"elementor-field-type-text elementor-field-group elementor-column elementor-field-group-field_b743cd7 elementor-col-50 elementor-field-required\">\n\t\t\t\t\t\t\t\t\t\t\t\t<label for=\"form-field-field_b743cd7\" class=\"elementor-field-label elementor-screen-only\">\n\t\t\t\t\t\t\t\tLast Name\t\t\t\t\t\t\t<\/label>\n\t\t\t\t\t\t\t\t\t\t\t\t\t\t<input size=\"1\" type=\"text\" name=\"form_fields[field_b743cd7]\" id=\"form-field-field_b743cd7\" class=\"elementor-field elementor-size-sm  elementor-field-textual\" placeholder=\"Last Name*\" required=\"required\">\n\t\t\t\t\t\t\t\t\t\t\t<\/div>\n\t\t\t\t\t\t\t\t<div class=\"elementor-field-type-tel elementor-field-group elementor-column elementor-field-group-field_6c180a9 elementor-col-50 elementor-field-required\">\n\t\t\t\t\t\t\t\t\t\t\t\t<label for=\"form-field-field_6c180a9\" class=\"elementor-field-label elementor-screen-only\">\n\t\t\t\t\t\t\t\tPhone Number\t\t\t\t\t\t\t<\/label>\n\t\t\t\t\t\t\t\t<input size=\"1\" type=\"tel\" name=\"form_fields[field_6c180a9]\" id=\"form-field-field_6c180a9\" class=\"elementor-field elementor-size-sm  elementor-field-textual\" placeholder=\"Phone Number*\" required=\"required\" pattern=\"[0-9()#&amp;+*-=.]+\" title=\"Phone Number\">\n\n\t\t\t\t\t\t<\/div>\n\t\t\t\t\t\t\t\t<div class=\"elementor-field-type-email elementor-field-group elementor-column elementor-field-group-email elementor-col-50 elementor-field-required\">\n\t\t\t\t\t\t\t\t\t\t\t\t<label for=\"form-field-email\" class=\"elementor-field-label elementor-screen-only\">\n\t\t\t\t\t\t\t\tEmail\t\t\t\t\t\t\t<\/label>\n\t\t\t\t\t\t\t\t\t\t\t\t\t\t<input size=\"1\" type=\"email\" name=\"form_fields[email]\" id=\"form-field-email\" class=\"elementor-field elementor-size-sm  elementor-field-textual\" placeholder=\"Email*\" required=\"required\">\n\t\t\t\t\t\t\t\t\t\t\t<\/div>\n\t\t\t\t\t\t\t\t<div class=\"elementor-field-group elementor-column elementor-field-type-submit elementor-col-100 e-form__buttons\">\n\t\t\t\t\t<button class=\"elementor-button elementor-size-sm\" type=\"submit\" id=\"form_virtual\">\n\t\t\t\t\t\t<span class=\"elementor-button-content-wrapper\">\n\t\t\t\t\t\t\t\t\t\t\t\t\t\t\t\t\t\t\t\t\t\t<span class=\"elementor-button-text\">Empezar\u00a0Ahora<\/span>\n\t\t\t\t\t\t\t\t\t\t\t\t\t<\/span>\n\t\t\t\t\t<\/button>\n\t\t\t\t<\/div>\n\t\t\t<\/div>\n\t\t<\/form>\n\t\t\t\t\t\t<\/div>\n\t\t\t\t<\/div>\n\t\t\t\t<\/div>\n\t\t\t\t<\/div>\n\t\t","protected":false},"excerpt":{"rendered":"<p>Ready to let go of the pain once and for all? This is only for committed people who really want to heal.<\/p>","protected":false},"author":1,"featured_media":0,"parent":0,"menu_order":0,"comment_status":"closed","ping_status":"closed","template":"elementor_canvas","meta":{"footnotes":""},"class_list":["post-3759","page","type-page","status-publish","hentry"],"yoast_head":"<!-- This site is optimized with the Yoast SEO plugin v27.3 - https:\/\/yoast.com\/product\/yoast-seo-wordpress\/ -->\n<title>Formulario contacto cita gratuita - ChiroDuo Quiropr\u00e1cticos | Atenci\u00f3n M\u00f3vil en Carolina del Norte<\/title>\n<meta name=\"robots\" content=\"index, follow, max-snippet:-1, max-image-preview:large, max-video-preview:-1\" \/>\n<link rel=\"canonical\" href=\"https:\/\/chiroduo.com\/en\/free-appointment-contact-form\/\" \/>\n<meta property=\"og:locale\" content=\"en_US\" \/>\n<meta property=\"og:type\" content=\"article\" \/>\n<meta property=\"og:title\" content=\"Formulario contacto cita gratuita - ChiroDuo Quiropr\u00e1cticos | Atenci\u00f3n M\u00f3vil en Carolina del Norte\" \/>\n<meta property=\"og:description\" content=\"\u00bfPreparado para dejar atr\u00e1s el dolor de una vez por todas? Esto es solo para personas comprometidas que realmente quieran sanar.\" \/>\n<meta property=\"og:url\" content=\"https:\/\/chiroduo.com\/en\/free-appointment-contact-form\/\" \/>\n<meta property=\"og:site_name\" content=\"ChiroDuo Quiropr\u00e1cticos | Atenci\u00f3n M\u00f3vil en Carolina del Norte\" \/>\n<meta property=\"article:publisher\" content=\"https:\/\/www.facebook.com\/chiroduo\/\" \/>\n<meta property=\"article:modified_time\" content=\"2025-11-21T20:22:15+00:00\" \/>\n<meta property=\"og:image\" content=\"https:\/\/chiroduo.com\/wp-content\/uploads\/2025\/03\/cropped-chiroduo-logo-quiropractico-icono.webp\" \/>\n\t<meta property=\"og:image:width\" content=\"512\" \/>\n\t<meta property=\"og:image:height\" content=\"512\" \/>\n\t<meta property=\"og:image:type\" content=\"image\/webp\" \/>\n<meta name=\"twitter:card\" content=\"summary_large_image\" \/>\n<meta name=\"twitter:label1\" content=\"Est. reading time\" \/>\n\t<meta name=\"twitter:data1\" content=\"1 minute\" \/>\n<script type=\"application\/ld+json\" class=\"yoast-schema-graph\">{\"@context\":\"https:\\\/\\\/schema.org\",\"@graph\":[{\"@type\":\"WebPage\",\"@id\":\"https:\\\/\\\/chiroduo.com\\\/formulario-contacto-cita-gratuita\\\/\",\"url\":\"https:\\\/\\\/chiroduo.com\\\/formulario-contacto-cita-gratuita\\\/\",\"name\":\"Formulario contacto cita gratuita - ChiroDuo Quiropr\u00e1cticos | Atenci\u00f3n M\u00f3vil en Carolina del Norte\",\"isPartOf\":{\"@id\":\"https:\\\/\\\/chiroduo.com\\\/#website\"},\"primaryImageOfPage\":{\"@id\":\"https:\\\/\\\/chiroduo.com\\\/formulario-contacto-cita-gratuita\\\/#primaryimage\"},\"image\":{\"@id\":\"https:\\\/\\\/chiroduo.com\\\/formulario-contacto-cita-gratuita\\\/#primaryimage\"},\"thumbnailUrl\":\"https:\\\/\\\/chiroduo.com\\\/wp-content\\\/uploads\\\/2025\\\/03\\\/cropped-chiroduo-logo-quiropractico-icono.webp\",\"datePublished\":\"2025-10-21T14:09:29+00:00\",\"dateModified\":\"2025-11-21T20:22:15+00:00\",\"breadcrumb\":{\"@id\":\"https:\\\/\\\/chiroduo.com\\\/formulario-contacto-cita-gratuita\\\/#breadcrumb\"},\"inLanguage\":\"en-US\",\"potentialAction\":[{\"@type\":\"ReadAction\",\"target\":[\"https:\\\/\\\/chiroduo.com\\\/formulario-contacto-cita-gratuita\\\/\"]}]},{\"@type\":\"ImageObject\",\"inLanguage\":\"en-US\",\"@id\":\"https:\\\/\\\/chiroduo.com\\\/formulario-contacto-cita-gratuita\\\/#primaryimage\",\"url\":\"https:\\\/\\\/chiroduo.com\\\/wp-content\\\/uploads\\\/2025\\\/03\\\/cropped-chiroduo-logo-quiropractico-icono.webp\",\"contentUrl\":\"https:\\\/\\\/chiroduo.com\\\/wp-content\\\/uploads\\\/2025\\\/03\\\/cropped-chiroduo-logo-quiropractico-icono.webp\"},{\"@type\":\"BreadcrumbList\",\"@id\":\"https:\\\/\\\/chiroduo.com\\\/formulario-contacto-cita-gratuita\\\/#breadcrumb\",\"itemListElement\":[{\"@type\":\"ListItem\",\"position\":1,\"name\":\"Home\",\"item\":\"https:\\\/\\\/chiroduo.com\\\/\"},{\"@type\":\"ListItem\",\"position\":2,\"name\":\"Formulario contacto cita gratuita\"}]},{\"@type\":\"WebSite\",\"@id\":\"https:\\\/\\\/chiroduo.com\\\/#website\",\"url\":\"https:\\\/\\\/chiroduo.com\\\/\",\"name\":\"ChiroDuo Quiropr\u00e1cticos | Atenci\u00f3n M\u00f3vil en Carolina del Norte\",\"description\":\"Alivio del dolor y bienestar quiropr\u00e1ctico cerca de ti. Encuentra atenci\u00f3n en nuestras cl\u00ednicas m\u00f3viles y oficina en Raleigh, Smithfield y Durham.\",\"publisher\":{\"@id\":\"https:\\\/\\\/chiroduo.com\\\/#organization\"},\"potentialAction\":[{\"@type\":\"SearchAction\",\"target\":{\"@type\":\"EntryPoint\",\"urlTemplate\":\"https:\\\/\\\/chiroduo.com\\\/?s={search_term_string}\"},\"query-input\":{\"@type\":\"PropertyValueSpecification\",\"valueRequired\":true,\"valueName\":\"search_term_string\"}}],\"inLanguage\":\"en-US\"},{\"@type\":\"Organization\",\"@id\":\"https:\\\/\\\/chiroduo.com\\\/#organization\",\"name\":\"ChiroDuo\",\"url\":\"https:\\\/\\\/chiroduo.com\\\/\",\"logo\":{\"@type\":\"ImageObject\",\"inLanguage\":\"en-US\",\"@id\":\"https:\\\/\\\/chiroduo.com\\\/#\\\/schema\\\/logo\\\/image\\\/\",\"url\":\"https:\\\/\\\/chiroduo.com\\\/wp-content\\\/uploads\\\/2025\\\/03\\\/logo-chiroduo-azul.webp\",\"contentUrl\":\"https:\\\/\\\/chiroduo.com\\\/wp-content\\\/uploads\\\/2025\\\/03\\\/logo-chiroduo-azul.webp\",\"width\":350,\"height\":100,\"caption\":\"ChiroDuo\"},\"image\":{\"@id\":\"https:\\\/\\\/chiroduo.com\\\/#\\\/schema\\\/logo\\\/image\\\/\"},\"sameAs\":[\"https:\\\/\\\/www.facebook.com\\\/chiroduo\\\/\",\"https:\\\/\\\/www.youtube.com\\\/channel\\\/UCo8W8lrNHxWRLwrnlOY20tw\",\"https:\\\/\\\/www.tiktok.com\\\/@chiroduo\",\"https:\\\/\\\/www.instagram.com\\\/chiroduonc\\\/\"]}]}<\/script>\n<!-- \/ Yoast SEO plugin. -->","yoast_head_json":{"title":"Free Appointment Contact Form - ChiroDuo Chiropractors | North Carolina Mobile Care","robots":{"index":"index","follow":"follow","max-snippet":"max-snippet:-1","max-image-preview":"max-image-preview:large","max-video-preview":"max-video-preview:-1"},"canonical":"https:\/\/chiroduo.com\/en\/free-appointment-contact-form\/","og_locale":"en_US","og_type":"article","og_title":"Formulario contacto cita gratuita - ChiroDuo Quiropr\u00e1cticos | Atenci\u00f3n M\u00f3vil en Carolina del Norte","og_description":"\u00bfPreparado para dejar atr\u00e1s el dolor de una vez por todas? Esto es solo para personas comprometidas que realmente quieran sanar.","og_url":"https:\/\/chiroduo.com\/en\/free-appointment-contact-form\/","og_site_name":"ChiroDuo Quiropr\u00e1cticos | Atenci\u00f3n M\u00f3vil en Carolina del Norte","article_publisher":"https:\/\/www.facebook.com\/chiroduo\/","article_modified_time":"2025-11-21T20:22:15+00:00","og_image":[{"width":512,"height":512,"url":"https:\/\/chiroduo.com\/wp-content\/uploads\/2025\/03\/cropped-chiroduo-logo-quiropractico-icono.webp","type":"image\/webp"}],"twitter_card":"summary_large_image","twitter_misc":{"Est. reading time":"1 minute"},"schema":{"@context":"https:\/\/schema.org","@graph":[{"@type":"WebPage","@id":"https:\/\/chiroduo.com\/formulario-contacto-cita-gratuita\/","url":"https:\/\/chiroduo.com\/formulario-contacto-cita-gratuita\/","name":"Free Appointment Contact Form - ChiroDuo Chiropractors | North Carolina Mobile Care","isPartOf":{"@id":"https:\/\/chiroduo.com\/#website"},"primaryImageOfPage":{"@id":"https:\/\/chiroduo.com\/formulario-contacto-cita-gratuita\/#primaryimage"},"image":{"@id":"https:\/\/chiroduo.com\/formulario-contacto-cita-gratuita\/#primaryimage"},"thumbnailUrl":"https:\/\/chiroduo.com\/wp-content\/uploads\/2025\/03\/cropped-chiroduo-logo-quiropractico-icono.webp","datePublished":"2025-10-21T14:09:29+00:00","dateModified":"2025-11-21T20:22:15+00:00","breadcrumb":{"@id":"https:\/\/chiroduo.com\/formulario-contacto-cita-gratuita\/#breadcrumb"},"inLanguage":"en-US","potentialAction":[{"@type":"ReadAction","target":["https:\/\/chiroduo.com\/formulario-contacto-cita-gratuita\/"]}]},{"@type":"ImageObject","inLanguage":"en-US","@id":"https:\/\/chiroduo.com\/formulario-contacto-cita-gratuita\/#primaryimage","url":"https:\/\/chiroduo.com\/wp-content\/uploads\/2025\/03\/cropped-chiroduo-logo-quiropractico-icono.webp","contentUrl":"https:\/\/chiroduo.com\/wp-content\/uploads\/2025\/03\/cropped-chiroduo-logo-quiropractico-icono.webp"},{"@type":"BreadcrumbList","@id":"https:\/\/chiroduo.com\/formulario-contacto-cita-gratuita\/#breadcrumb","itemListElement":[{"@type":"ListItem","position":1,"name":"Home","item":"https:\/\/chiroduo.com\/"},{"@type":"ListItem","position":2,"name":"Formulario contacto cita gratuita"}]},{"@type":"WebSite","@id":"https:\/\/chiroduo.com\/#website","url":"https:\/\/chiroduo.com\/","name":"ChiroDuo Chiropractors | Mobile Chiropractic Care in North Carolina","description":"Chiropractic pain relief and wellness near you. Find care at our mobile clinics and office in Raleigh, Smithfield and Durham.","publisher":{"@id":"https:\/\/chiroduo.com\/#organization"},"potentialAction":[{"@type":"SearchAction","target":{"@type":"EntryPoint","urlTemplate":"https:\/\/chiroduo.com\/?s={search_term_string}"},"query-input":{"@type":"PropertyValueSpecification","valueRequired":true,"valueName":"search_term_string"}}],"inLanguage":"en-US"},{"@type":"Organization","@id":"https:\/\/chiroduo.com\/#organization","name":"ChiroDuo","url":"https:\/\/chiroduo.com\/","logo":{"@type":"ImageObject","inLanguage":"en-US","@id":"https:\/\/chiroduo.com\/#\/schema\/logo\/image\/","url":"https:\/\/chiroduo.com\/wp-content\/uploads\/2025\/03\/logo-chiroduo-azul.webp","contentUrl":"https:\/\/chiroduo.com\/wp-content\/uploads\/2025\/03\/logo-chiroduo-azul.webp","width":350,"height":100,"caption":"ChiroDuo"},"image":{"@id":"https:\/\/chiroduo.com\/#\/schema\/logo\/image\/"},"sameAs":["https:\/\/www.facebook.com\/chiroduo\/","https:\/\/www.youtube.com\/channel\/UCo8W8lrNHxWRLwrnlOY20tw","https:\/\/www.tiktok.com\/@chiroduo","https:\/\/www.instagram.com\/chiroduonc\/"]}]}},"_links":{"self":[{"href":"https:\/\/chiroduo.com\/en\/wp-json\/wp\/v2\/pages\/3759","targetHints":{"allow":["GET"]}}],"collection":[{"href":"https:\/\/chiroduo.com\/en\/wp-json\/wp\/v2\/pages"}],"about":[{"href":"https:\/\/chiroduo.com\/en\/wp-json\/wp\/v2\/types\/page"}],"author":[{"embeddable":true,"href":"https:\/\/chiroduo.com\/en\/wp-json\/wp\/v2\/users\/1"}],"replies":[{"embeddable":true,"href":"https:\/\/chiroduo.com\/en\/wp-json\/wp\/v2\/comments?post=3759"}],"version-history":[{"count":0,"href":"https:\/\/chiroduo.com\/en\/wp-json\/wp\/v2\/pages\/3759\/revisions"}],"wp:attachment":[{"href":"https:\/\/chiroduo.com\/en\/wp-json\/wp\/v2\/media?parent=3759"}],"curies":[{"name":"wp","href":"https:\/\/api.w.org\/{rel}","templated":true}]}}