{"id":3797,"date":"2025-10-21T10:58:45","date_gmt":"2025-10-21T14:58:45","guid":{"rendered":"https:\/\/chiroduo.com\/?page_id=3797"},"modified":"2026-01-14T10:30:12","modified_gmt":"2026-01-14T15:30:12","slug":"virtual-consultation-back-pain","status":"publish","type":"page","link":"https:\/\/chiroduo.com\/en\/consulta-virtual-dolor-espalda\/","title":{"rendered":"Virtual Consultation for Back Pain"},"content":{"rendered":"<div data-elementor-type=\"wp-page\" data-elementor-id=\"3797\" class=\"elementor elementor-3797\" data-elementor-post-type=\"page\">\n\t\t\t\t<div class=\"elementor-element elementor-element-61eed5df e-con-full e-flex e-con e-parent\" data-id=\"61eed5df\" data-element_type=\"container\" data-e-type=\"container\" data-settings=\"{&quot;background_background&quot;:&quot;classic&quot;}\">\n\t\t<div class=\"elementor-element elementor-element-70c954cf e-flex e-con-boxed e-con e-child\" data-id=\"70c954cf\" data-element_type=\"container\" data-e-type=\"container\" data-settings=\"{&quot;background_background&quot;:&quot;classic&quot;}\">\n\t\t\t\t\t<div class=\"e-con-inner\">\n\t\t\t\t<div class=\"elementor-element elementor-element-bcb2487 elementor-widget elementor-widget-text-editor\" data-id=\"bcb2487\" data-element_type=\"widget\" data-e-type=\"widget\" data-widget_type=\"text-editor.default\">\n\t\t\t\t\t\t\t\t\t<p>Are you far from our clinics?<\/p>\t\t\t\t\t\t\t\t<\/div>\n\t\t\t\t<div class=\"elementor-element elementor-element-2694d6b4 animated-slow elementor-invisible elementor-widget elementor-widget-heading\" data-id=\"2694d6b4\" data-element_type=\"widget\" data-e-type=\"widget\" data-settings=\"{&quot;_animation&quot;:&quot;fadeInDown&quot;}\" data-widget_type=\"heading.default\">\n\t\t\t\t\t<h2 class=\"elementor-heading-title elementor-size-default\">Relieve your pain from home<\/h2>\t\t\t\t<\/div>\n\t\t\t\t<div class=\"elementor-element elementor-element-875e7e2 elementor-widget elementor-widget-video\" data-id=\"875e7e2\" data-element_type=\"widget\" data-e-type=\"widget\" data-settings=\"{&quot;youtube_url&quot;:&quot;youtube.com\\\/watch?v=FoXaPsoC8oI&amp;feature=youtu.be&quot;,&quot;autoplay&quot;:&quot;yes&quot;,&quot;play_on_mobile&quot;:&quot;yes&quot;,&quot;video_type&quot;:&quot;youtube&quot;}\" data-widget_type=\"video.default\">\n\t\t\t\t\t\t\t<div class=\"elementor-wrapper elementor-open-inline\">\n\t\t\t<div class=\"elementor-video\"><\/div>\t\t<\/div>\n\t\t\t\t\t\t<\/div>\n\t\t\t\t\t<\/div>\n\t\t\t\t<\/div>\n\t\t<div class=\"elementor-element elementor-element-5f718483 e-flex e-con-boxed e-con e-child\" data-id=\"5f718483\" data-element_type=\"container\" data-e-type=\"container\">\n\t\t\t\t\t<div class=\"e-con-inner\">\n\t\t<div class=\"elementor-element elementor-element-10e6e675 e-con-full animated-slow e-flex elementor-invisible e-con e-child\" data-id=\"10e6e675\" data-element_type=\"container\" data-e-type=\"container\" data-settings=\"{&quot;background_background&quot;:&quot;classic&quot;,&quot;animation&quot;:&quot;fadeInUp&quot;,&quot;animation_delay&quot;:300}\">\n\t\t\t\t<div class=\"elementor-element elementor-element-58dbf4e5 elementor-widget elementor-widget-heading\" data-id=\"58dbf4e5\" data-element_type=\"widget\" data-e-type=\"widget\" data-widget_type=\"heading.default\">\n\t\t\t\t\t<h2 class=\"elementor-heading-title elementor-size-default\">$0<\/h2>\t\t\t\t<\/div>\n\t\t\t\t<div class=\"elementor-element elementor-element-c13737b elementor-widget elementor-widget-text-editor\" data-id=\"c13737b\" data-element_type=\"widget\" data-e-type=\"widget\" data-widget_type=\"text-editor.default\">\n\t\t\t\t\t\t\t\t\t<p style=\"text-align: center;\">Discover how to relieve your pain with a <strong>100% method tested.<\/strong><\/p>\t\t\t\t\t\t\t\t<\/div>\n\t\t\t\t<div class=\"elementor-element elementor-element-6f12c8ea elementor-align-center elementor-widget elementor-widget-button\" data-id=\"6f12c8ea\" data-element_type=\"widget\" data-e-type=\"widget\" data-widget_type=\"button.default\">\n\t\t\t\t\t\t\t\t\t\t<a class=\"elementor-button elementor-button-link elementor-size-sm elementor-animation-grow\" href=\"https:\/\/adiosaldolor.chiroduo.com\/cita-asistente-adios-al-dolor\" id=\"cita_virtual\">\n\t\t\t\t\t\t<span class=\"elementor-button-content-wrapper\">\n\t\t\t\t\t\t\t\t\t<span class=\"elementor-button-text\">Schedule my free call<\/span>\n\t\t\t\t\t<\/span>\n\t\t\t\t\t<\/a>\n\t\t\t\t\t\t\t\t<\/div>\n\t\t\t\t<\/div>\n\t\t\t\t\t<\/div>\n\t\t\t\t<\/div>\n\t\t\t\t<\/div>\n\t\t\t\t<\/div>","protected":false},"excerpt":{"rendered":"<p>Are you far from our clinics? Relieve your pain from home http:\/\/youtube.com\/watch?v=FoXaPsoC8oI&amp;feature=youtu.be $0 Discover how to relieve your pain with a proven 100% method. Schedule my free call<\/p>","protected":false},"author":1,"featured_media":0,"parent":0,"menu_order":0,"comment_status":"closed","ping_status":"closed","template":"","meta":{"footnotes":""},"class_list":["post-3797","page","type-page","status-publish","hentry"],"yoast_head":"<!-- This site is optimized with the Yoast SEO plugin v27.3 - https:\/\/yoast.com\/product\/yoast-seo-wordpress\/ -->\n<title>Consulta Virtual para Dolor de Espalda - ChiroDuo Quiropr\u00e1cticos | Atenci\u00f3n M\u00f3vil en Carolina del Norte<\/title>\n<meta name=\"robots\" content=\"index, follow, max-snippet:-1, max-image-preview:large, max-video-preview:-1\" \/>\n<link rel=\"canonical\" href=\"https:\/\/chiroduo.com\/en\/virtual-consultation-back-pain\/\" \/>\n<meta property=\"og:locale\" content=\"en_US\" \/>\n<meta property=\"og:type\" content=\"article\" \/>\n<meta property=\"og:title\" content=\"Consulta Virtual para Dolor de Espalda - ChiroDuo Quiropr\u00e1cticos | Atenci\u00f3n M\u00f3vil en Carolina del Norte\" \/>\n<meta property=\"og:description\" content=\"\u00bfEstas lejos de nuestras cl\u00ednicas? Alivia tu dolor desde casa http:\/\/youtube.com\/watch?v=FoXaPsoC8oI&#038;feature=youtu.be $0 Descubre c\u00f3mo aliviar tu dolor con un m\u00e9todo 100% comprobado. Agendar mi llamada gratuita\" \/>\n<meta property=\"og:url\" content=\"https:\/\/chiroduo.com\/en\/virtual-consultation-back-pain\/\" \/>\n<meta property=\"og:site_name\" content=\"ChiroDuo Quiropr\u00e1cticos | Atenci\u00f3n M\u00f3vil en Carolina del Norte\" \/>\n<meta property=\"article:publisher\" content=\"https:\/\/www.facebook.com\/chiroduo\/\" \/>\n<meta property=\"article:modified_time\" content=\"2026-01-14T15:30:12+00:00\" \/>\n<meta name=\"twitter:card\" content=\"summary_large_image\" \/>\n<meta name=\"twitter:label1\" content=\"Est. reading time\" \/>\n\t<meta name=\"twitter:data1\" content=\"1 minute\" \/>\n<script type=\"application\/ld+json\" class=\"yoast-schema-graph\">{\"@context\":\"https:\\\/\\\/schema.org\",\"@graph\":[{\"@type\":\"WebPage\",\"@id\":\"https:\\\/\\\/chiroduo.com\\\/consulta-virtual-dolor-espalda\\\/\",\"url\":\"https:\\\/\\\/chiroduo.com\\\/consulta-virtual-dolor-espalda\\\/\",\"name\":\"Consulta Virtual para Dolor de Espalda - ChiroDuo Quiropr\u00e1cticos | Atenci\u00f3n M\u00f3vil en Carolina del Norte\",\"isPartOf\":{\"@id\":\"https:\\\/\\\/chiroduo.com\\\/#website\"},\"datePublished\":\"2025-10-21T14:58:45+00:00\",\"dateModified\":\"2026-01-14T15:30:12+00:00\",\"breadcrumb\":{\"@id\":\"https:\\\/\\\/chiroduo.com\\\/consulta-virtual-dolor-espalda\\\/#breadcrumb\"},\"inLanguage\":\"en-US\",\"potentialAction\":[{\"@type\":\"ReadAction\",\"target\":[\"https:\\\/\\\/chiroduo.com\\\/consulta-virtual-dolor-espalda\\\/\"]}]},{\"@type\":\"BreadcrumbList\",\"@id\":\"https:\\\/\\\/chiroduo.com\\\/consulta-virtual-dolor-espalda\\\/#breadcrumb\",\"itemListElement\":[{\"@type\":\"ListItem\",\"position\":1,\"name\":\"Home\",\"item\":\"https:\\\/\\\/chiroduo.com\\\/\"},{\"@type\":\"ListItem\",\"position\":2,\"name\":\"Consulta Virtual para Dolor de Espalda\"}]},{\"@type\":\"WebSite\",\"@id\":\"https:\\\/\\\/chiroduo.com\\\/#website\",\"url\":\"https:\\\/\\\/chiroduo.com\\\/\",\"name\":\"ChiroDuo Quiropr\u00e1cticos | Atenci\u00f3n M\u00f3vil en Carolina del Norte\",\"description\":\"Alivio del dolor y bienestar quiropr\u00e1ctico cerca de ti. Encuentra atenci\u00f3n en nuestras cl\u00ednicas m\u00f3viles y oficina en Raleigh, Smithfield y Durham.\",\"publisher\":{\"@id\":\"https:\\\/\\\/chiroduo.com\\\/#organization\"},\"potentialAction\":[{\"@type\":\"SearchAction\",\"target\":{\"@type\":\"EntryPoint\",\"urlTemplate\":\"https:\\\/\\\/chiroduo.com\\\/?s={search_term_string}\"},\"query-input\":{\"@type\":\"PropertyValueSpecification\",\"valueRequired\":true,\"valueName\":\"search_term_string\"}}],\"inLanguage\":\"en-US\"},{\"@type\":\"Organization\",\"@id\":\"https:\\\/\\\/chiroduo.com\\\/#organization\",\"name\":\"ChiroDuo\",\"url\":\"https:\\\/\\\/chiroduo.com\\\/\",\"logo\":{\"@type\":\"ImageObject\",\"inLanguage\":\"en-US\",\"@id\":\"https:\\\/\\\/chiroduo.com\\\/#\\\/schema\\\/logo\\\/image\\\/\",\"url\":\"https:\\\/\\\/chiroduo.com\\\/wp-content\\\/uploads\\\/2025\\\/03\\\/logo-chiroduo-azul.webp\",\"contentUrl\":\"https:\\\/\\\/chiroduo.com\\\/wp-content\\\/uploads\\\/2025\\\/03\\\/logo-chiroduo-azul.webp\",\"width\":350,\"height\":100,\"caption\":\"ChiroDuo\"},\"image\":{\"@id\":\"https:\\\/\\\/chiroduo.com\\\/#\\\/schema\\\/logo\\\/image\\\/\"},\"sameAs\":[\"https:\\\/\\\/www.facebook.com\\\/chiroduo\\\/\",\"https:\\\/\\\/www.youtube.com\\\/channel\\\/UCo8W8lrNHxWRLwrnlOY20tw\",\"https:\\\/\\\/www.tiktok.com\\\/@chiroduo\",\"https:\\\/\\\/www.instagram.com\\\/chiroduonc\\\/\"]}]}<\/script>\n<!-- \/ Yoast SEO plugin. -->","yoast_head_json":{"title":"Virtual Back Pain Consultation - ChiroDuo Chiropractors | Mobile Care in North Carolina","robots":{"index":"index","follow":"follow","max-snippet":"max-snippet:-1","max-image-preview":"max-image-preview:large","max-video-preview":"max-video-preview:-1"},"canonical":"https:\/\/chiroduo.com\/en\/virtual-consultation-back-pain\/","og_locale":"en_US","og_type":"article","og_title":"Consulta Virtual para Dolor de Espalda - ChiroDuo Quiropr\u00e1cticos | Atenci\u00f3n M\u00f3vil en Carolina del Norte","og_description":"\u00bfEstas lejos de nuestras cl\u00ednicas? Alivia tu dolor desde casa http:\/\/youtube.com\/watch?v=FoXaPsoC8oI&#038;feature=youtu.be $0 Descubre c\u00f3mo aliviar tu dolor con un m\u00e9todo 100% comprobado. Agendar mi llamada gratuita","og_url":"https:\/\/chiroduo.com\/en\/virtual-consultation-back-pain\/","og_site_name":"ChiroDuo Quiropr\u00e1cticos | Atenci\u00f3n M\u00f3vil en Carolina del Norte","article_publisher":"https:\/\/www.facebook.com\/chiroduo\/","article_modified_time":"2026-01-14T15:30:12+00:00","twitter_card":"summary_large_image","twitter_misc":{"Est. reading time":"1 minute"},"schema":{"@context":"https:\/\/schema.org","@graph":[{"@type":"WebPage","@id":"https:\/\/chiroduo.com\/consulta-virtual-dolor-espalda\/","url":"https:\/\/chiroduo.com\/consulta-virtual-dolor-espalda\/","name":"Virtual Back Pain Consultation - ChiroDuo Chiropractors | Mobile Care in North Carolina","isPartOf":{"@id":"https:\/\/chiroduo.com\/#website"},"datePublished":"2025-10-21T14:58:45+00:00","dateModified":"2026-01-14T15:30:12+00:00","breadcrumb":{"@id":"https:\/\/chiroduo.com\/consulta-virtual-dolor-espalda\/#breadcrumb"},"inLanguage":"en-US","potentialAction":[{"@type":"ReadAction","target":["https:\/\/chiroduo.com\/consulta-virtual-dolor-espalda\/"]}]},{"@type":"BreadcrumbList","@id":"https:\/\/chiroduo.com\/consulta-virtual-dolor-espalda\/#breadcrumb","itemListElement":[{"@type":"ListItem","position":1,"name":"Home","item":"https:\/\/chiroduo.com\/"},{"@type":"ListItem","position":2,"name":"Consulta Virtual para Dolor de Espalda"}]},{"@type":"WebSite","@id":"https:\/\/chiroduo.com\/#website","url":"https:\/\/chiroduo.com\/","name":"ChiroDuo Chiropractors | Mobile Chiropractic Care in North Carolina","description":"Chiropractic pain relief and wellness near you. Find care at our mobile clinics and office in Raleigh, Smithfield and Durham.","publisher":{"@id":"https:\/\/chiroduo.com\/#organization"},"potentialAction":[{"@type":"SearchAction","target":{"@type":"EntryPoint","urlTemplate":"https:\/\/chiroduo.com\/?s={search_term_string}"},"query-input":{"@type":"PropertyValueSpecification","valueRequired":true,"valueName":"search_term_string"}}],"inLanguage":"en-US"},{"@type":"Organization","@id":"https:\/\/chiroduo.com\/#organization","name":"ChiroDuo","url":"https:\/\/chiroduo.com\/","logo":{"@type":"ImageObject","inLanguage":"en-US","@id":"https:\/\/chiroduo.com\/#\/schema\/logo\/image\/","url":"https:\/\/chiroduo.com\/wp-content\/uploads\/2025\/03\/logo-chiroduo-azul.webp","contentUrl":"https:\/\/chiroduo.com\/wp-content\/uploads\/2025\/03\/logo-chiroduo-azul.webp","width":350,"height":100,"caption":"ChiroDuo"},"image":{"@id":"https:\/\/chiroduo.com\/#\/schema\/logo\/image\/"},"sameAs":["https:\/\/www.facebook.com\/chiroduo\/","https:\/\/www.youtube.com\/channel\/UCo8W8lrNHxWRLwrnlOY20tw","https:\/\/www.tiktok.com\/@chiroduo","https:\/\/www.instagram.com\/chiroduonc\/"]}]}},"_links":{"self":[{"href":"https:\/\/chiroduo.com\/en\/wp-json\/wp\/v2\/pages\/3797","targetHints":{"allow":["GET"]}}],"collection":[{"href":"https:\/\/chiroduo.com\/en\/wp-json\/wp\/v2\/pages"}],"about":[{"href":"https:\/\/chiroduo.com\/en\/wp-json\/wp\/v2\/types\/page"}],"author":[{"embeddable":true,"href":"https:\/\/chiroduo.com\/en\/wp-json\/wp\/v2\/users\/1"}],"replies":[{"embeddable":true,"href":"https:\/\/chiroduo.com\/en\/wp-json\/wp\/v2\/comments?post=3797"}],"version-history":[{"count":0,"href":"https:\/\/chiroduo.com\/en\/wp-json\/wp\/v2\/pages\/3797\/revisions"}],"wp:attachment":[{"href":"https:\/\/chiroduo.com\/en\/wp-json\/wp\/v2\/media?parent=3797"}],"curies":[{"name":"wp","href":"https:\/\/api.w.org\/{rel}","templated":true}]}}