{"id":49,"date":"2025-03-13T14:55:39","date_gmt":"2025-03-13T14:55:39","guid":{"rendered":"https:\/\/chiroduo.net\/?page_id=49"},"modified":"2025-04-22T16:36:39","modified_gmt":"2025-04-22T20:36:39","slug":"privacy-policy","status":"publish","type":"page","link":"https:\/\/chiroduo.com\/en\/politica-de-privacidad\/","title":{"rendered":"Privacy Policy"},"content":{"rendered":"<div data-elementor-type=\"wp-page\" data-elementor-id=\"49\" class=\"elementor elementor-49\" data-elementor-post-type=\"page\">\n\t\t\t\t<div class=\"elementor-element elementor-element-71d6401 e-flex e-con-boxed e-con e-parent\" data-id=\"71d6401\" data-element_type=\"container\" data-e-type=\"container\" data-settings=\"{&quot;background_background&quot;:&quot;classic&quot;}\">\n\t\t\t\t\t<div class=\"e-con-inner\">\n\t\t\t\t<div class=\"elementor-element elementor-element-32594fb elementor-widget elementor-widget-heading\" data-id=\"32594fb\" data-element_type=\"widget\" data-e-type=\"widget\" data-widget_type=\"heading.default\">\n\t\t\t\t\t<p class=\"elementor-heading-title elementor-size-default\">At ChiroDuo, we take your privacy and data protection very seriously. This policy explains how we collect, use, and protect your personal information when you use our services, whether through our mobile clinics, main office, or by interacting with our website and appointment systems.<\/p>\t\t\t\t<\/div>\n\t\t\t\t\t<\/div>\n\t\t\t\t<\/div>\n\t\t<div class=\"elementor-element elementor-element-24132c1 e-flex e-con-boxed e-con e-parent\" data-id=\"24132c1\" data-element_type=\"container\" data-e-type=\"container\">\n\t\t\t\t\t<div class=\"e-con-inner\">\n\t\t\t\t<div class=\"elementor-element elementor-element-b9205fe elementor-widget elementor-widget-heading\" data-id=\"b9205fe\" data-element_type=\"widget\" data-e-type=\"widget\" data-widget_type=\"heading.default\">\n\t\t\t\t\t<h2 class=\"elementor-heading-title elementor-size-default\">Who We Are<\/h2>\t\t\t\t<\/div>\n\t\t\t\t<div class=\"elementor-element elementor-element-dde287c elementor-widget elementor-widget-text-editor\" data-id=\"dde287c\" data-element_type=\"widget\" data-e-type=\"widget\" data-widget_type=\"text-editor.default\">\n\t\t\t\t\t\t\t\t\t<p>ChiroDuo is a mobile and in-office chiropractic care service based in Raleigh, North Carolina. We provide wellness solutions at home, in our main office, through mobile clinics, and for companies. Our website (<a class=\"\" href=\"https:\/\/chiroduo.com\/en\/\" target=\"_new\" rel=\"noopener\" data-start=\"1101\" data-end=\"1125\">https:\/\/www.chiroduo.com<\/a>) is a key tool for booking appointments, receiving health information, and contacting us.<\/p>\t\t\t\t\t\t\t\t<\/div>\n\t\t\t\t<div class=\"elementor-element elementor-element-988373a elementor-widget elementor-widget-heading\" data-id=\"988373a\" data-element_type=\"widget\" data-e-type=\"widget\" data-widget_type=\"heading.default\">\n\t\t\t\t\t<h2 class=\"elementor-heading-title elementor-size-default\">What Data We Collect<\/h2>\t\t\t\t<\/div>\n\t\t\t\t<div class=\"elementor-element elementor-element-712bb91 elementor-widget elementor-widget-text-editor\" data-id=\"712bb91\" data-element_type=\"widget\" data-e-type=\"widget\" data-widget_type=\"text-editor.default\">\n\t\t\t\t\t\t\t\t\t<p class=\"\" data-start=\"1255\" data-end=\"1341\">We may collect the following types of information when you interact with us:<\/p><ul data-start=\"1343\" data-end=\"1771\"><li class=\"\" data-start=\"1343\" data-end=\"1488\"><p class=\"\" data-start=\"1345\" data-end=\"1488\"><strong data-start=\"1345\" data-end=\"1366\">Personal Information:<\/strong> name, email address, phone number, city, address (for home services), reason for consultation.<\/p><\/li><li class=\"\" data-start=\"1489\" data-end=\"1624\"><p class=\"\" data-start=\"1491\" data-end=\"1624\"><strong data-start=\"1491\" data-end=\"1515\">Browsing Data:<\/strong> cookies, IP address, device type, browser, time spent on the site, pages visited.<\/p><\/li><li class=\"\" data-start=\"1625\" data-end=\"1771\"><p class=\"\" data-start=\"1627\" data-end=\"1771\"><strong data-start=\"1627\" data-end=\"1656\">Sensitive Health Data:<\/strong> only when voluntarily provided by the patient during appointment booking or clinical evaluation.<\/p><\/li><\/ul>\t\t\t\t\t\t\t\t<\/div>\n\t\t\t\t<div class=\"elementor-element elementor-element-50e22c1 elementor-widget elementor-widget-heading\" data-id=\"50e22c1\" data-element_type=\"widget\" data-e-type=\"widget\" data-widget_type=\"heading.default\">\n\t\t\t\t\t<h2 class=\"elementor-heading-title elementor-size-default\">How We Collect Your Data<\/h2>\t\t\t\t<\/div>\n\t\t\t\t<div class=\"elementor-element elementor-element-be2a369 elementor-widget elementor-widget-text-editor\" data-id=\"be2a369\" data-element_type=\"widget\" data-e-type=\"widget\" data-widget_type=\"text-editor.default\">\n\t\t\t\t\t\t\t\t\t<ul><li class=\"\" data-start=\"1815\" data-end=\"1870\"><p class=\"\" data-start=\"1817\" data-end=\"1870\">Through our <strong data-start=\"1830\" data-end=\"1869\">appointment booking form.<\/strong>.<\/p><\/li><li class=\"\" data-start=\"1871\" data-end=\"1929\"><p class=\"\" data-start=\"1873\" data-end=\"1929\">By using our <strong data-start=\"1894\" data-end=\"1921\">contact forms<\/strong> or chat.<\/p><\/li><li class=\"\" data-start=\"1930\" data-end=\"2029\"><p class=\"\" data-start=\"1932\" data-end=\"2029\">When you communicate with us via <strong data-start=\"1969\" data-end=\"2028\">WhatsApp, social media, phone calls, or email.<\/strong>.<\/p><\/li><li class=\"\" data-start=\"2030\" data-end=\"2108\"><p class=\"\" data-start=\"2032\" data-end=\"2108\">Through the use of <strong data-start=\"2051\" data-end=\"2062\">cookies<\/strong> and similar technologies on our website.<\/p><\/li><\/ul>\t\t\t\t\t\t\t\t<\/div>\n\t\t\t\t<div class=\"elementor-element elementor-element-6758c36 elementor-widget elementor-widget-heading\" data-id=\"6758c36\" data-element_type=\"widget\" data-e-type=\"widget\" data-widget_type=\"heading.default\">\n\t\t\t\t\t<h2 class=\"elementor-heading-title elementor-size-default\">How We Use Your Information<\/h2>\t\t\t\t<\/div>\n\t\t\t\t<div class=\"elementor-element elementor-element-7922bbd elementor-widget elementor-widget-text-editor\" data-id=\"7922bbd\" data-element_type=\"widget\" data-e-type=\"widget\" data-widget_type=\"text-editor.default\">\n\t\t\t\t\t\t\t\t\t<p class=\"\" data-start=\"2156\" data-end=\"2193\">We use your personal data to:<\/p><ul data-start=\"2195\" data-end=\"2674\"><li class=\"\" data-start=\"2195\" data-end=\"2258\"><p class=\"\" data-start=\"2197\" data-end=\"2258\">Process and manage <strong data-start=\"2222\" data-end=\"2257\">your chiropractic appointments.<\/strong>.<\/p><\/li><li class=\"\" data-start=\"2259\" data-end=\"2337\"><p class=\"\" data-start=\"2261\" data-end=\"2337\">Contact you with relevant information about your appointment, treatment, or follow-up.<\/p><\/li><li class=\"\" data-start=\"2338\" data-end=\"2423\"><p class=\"\" data-start=\"2340\" data-end=\"2423\">Respond to inquiries or requests made through our contact channels.<\/p><\/li><li class=\"\" data-start=\"2424\" data-end=\"2482\"><p class=\"\" data-start=\"2426\" data-end=\"2482\">Improve the user experience on our website.<\/p><\/li><li class=\"\" data-start=\"2483\" data-end=\"2579\"><p class=\"\" data-start=\"2485\" data-end=\"2579\">Comply with legal obligations and maintain clinical records securely and confidentially.<\/p><\/li><li class=\"\" data-start=\"2580\" data-end=\"2674\"><p class=\"\" data-start=\"2582\" data-end=\"2674\">Send you health, prevention, and wellness-related communications\u2014only with your consent.<\/p><\/li><\/ul>\t\t\t\t\t\t\t\t<\/div>\n\t\t\t\t<div class=\"elementor-element elementor-element-ff9f144 elementor-widget elementor-widget-heading\" data-id=\"ff9f144\" data-element_type=\"widget\" data-e-type=\"widget\" data-widget_type=\"heading.default\">\n\t\t\t\t\t<h2 class=\"elementor-heading-title elementor-size-default\">Do We Share Your Information?<\/h2>\t\t\t\t<\/div>\n\t\t\t\t<div class=\"elementor-element elementor-element-debd123 elementor-widget elementor-widget-text-editor\" data-id=\"debd123\" data-element_type=\"widget\" data-e-type=\"widget\" data-widget_type=\"text-editor.default\">\n\t\t\t\t\t\t\t\t\t<p class=\"\" data-start=\"2718\" data-end=\"2789\">We do not share your data with third parties, except in the following cases:<\/p><ul data-start=\"2791\" data-end=\"3003\"><li class=\"\" data-start=\"2791\" data-end=\"2928\"><p class=\"\" data-start=\"2793\" data-end=\"2928\">With technology service providers (e.g., calendars, forms, payment gateways) who comply with privacy regulations.<\/p><\/li><li class=\"\" data-start=\"2929\" data-end=\"3003\"><p class=\"\" data-start=\"2931\" data-end=\"3003\">When required by law, a court order, or a competent authority.<\/p><\/li><\/ul><p class=\"\" data-start=\"3005\" data-end=\"3083\">Under no circumstances do we sell, rent, or trade your personal information.<\/p>\t\t\t\t\t\t\t\t<\/div>\n\t\t\t\t<div class=\"elementor-element elementor-element-09ee098 elementor-widget elementor-widget-heading\" data-id=\"09ee098\" data-element_type=\"widget\" data-e-type=\"widget\" data-widget_type=\"heading.default\">\n\t\t\t\t\t<h2 class=\"elementor-heading-title elementor-size-default\">How We Protect Your Information<\/h2>\t\t\t\t<\/div>\n\t\t\t\t<div class=\"elementor-element elementor-element-e691c57 elementor-widget elementor-widget-text-editor\" data-id=\"e691c57\" data-element_type=\"widget\" data-e-type=\"widget\" data-widget_type=\"text-editor.default\">\n\t\t\t\t\t\t\t\t\t<p class=\"\" data-start=\"3131\" data-end=\"3227\">We implement technical and organizational security measures to protect your data, including:<\/p><ul data-start=\"3229\" data-end=\"3465\"><li class=\"\" data-start=\"3229\" data-end=\"3265\"><p class=\"\" data-start=\"3231\" data-end=\"3265\">An <strong data-start=\"3245\" data-end=\"3264\">SSL-certified website<\/strong>.<\/p><\/li><li class=\"\" data-start=\"3266\" data-end=\"3333\"><p class=\"\" data-start=\"3268\" data-end=\"3333\">Restricted access to information by authorized personnel only.<\/p><\/li><li class=\"\" data-start=\"3334\" data-end=\"3397\"><p class=\"\" data-start=\"3336\" data-end=\"3397\">Use of strong passwords, platforms with authentication, and encryption.<\/p><\/li><li class=\"\" data-start=\"3398\" data-end=\"3465\"><p class=\"\" data-start=\"3400\" data-end=\"3465\">Ongoing training for our team on data protection practices.<\/p><\/li><\/ul>\t\t\t\t\t\t\t\t<\/div>\n\t\t\t\t<div class=\"elementor-element elementor-element-e9c74c1 elementor-widget elementor-widget-heading\" data-id=\"e9c74c1\" data-element_type=\"widget\" data-e-type=\"widget\" data-widget_type=\"heading.default\">\n\t\t\t\t\t<h2 class=\"elementor-heading-title elementor-size-default\">Your Rights<\/h2>\t\t\t\t<\/div>\n\t\t\t\t<div class=\"elementor-element elementor-element-7ea9d4a elementor-widget elementor-widget-text-editor\" data-id=\"7ea9d4a\" data-element_type=\"widget\" data-e-type=\"widget\" data-widget_type=\"text-editor.default\">\n\t\t\t\t\t\t\t\t\t<p class=\"\" data-start=\"3501\" data-end=\"3518\">You have the right to:<\/p><ul data-start=\"3520\" data-end=\"3667\"><li class=\"\" data-start=\"3520\" data-end=\"3572\"><p class=\"\" data-start=\"3522\" data-end=\"3572\">Access, correct, or delete your personal data.<\/p><\/li><li class=\"\" data-start=\"3573\" data-end=\"3616\"><p class=\"\" data-start=\"3575\" data-end=\"3616\">Withdraw your consent at any time.<\/p><\/li><li class=\"\" data-start=\"3617\" data-end=\"3667\"><p class=\"\" data-start=\"3619\" data-end=\"3667\">Request information about how your data is used.<\/p><\/li><\/ul><p class=\"\" data-start=\"3669\" data-end=\"3752\">To exercise these rights, please contact us at: hola@chiroduo.com<\/p>\t\t\t\t\t\t\t\t<\/div>\n\t\t\t\t<div class=\"elementor-element elementor-element-b1f5990 elementor-widget elementor-widget-heading\" data-id=\"b1f5990\" data-element_type=\"widget\" data-e-type=\"widget\" data-widget_type=\"heading.default\">\n\t\t\t\t\t<h2 class=\"elementor-heading-title elementor-size-default\">Use of Cookies<\/h2>\t\t\t\t<\/div>\n\t\t\t\t<div class=\"elementor-element elementor-element-94ea0d9 elementor-widget elementor-widget-text-editor\" data-id=\"94ea0d9\" data-element_type=\"widget\" data-e-type=\"widget\" data-widget_type=\"text-editor.default\">\n\t\t\t\t\t\t\t\t\t<p class=\"\" data-start=\"3782\" data-end=\"3828\">We use both first-party and third-party cookies to:<\/p><ul data-start=\"3830\" data-end=\"3938\"><li class=\"\" data-start=\"3830\" data-end=\"3858\"><p class=\"\" data-start=\"3832\" data-end=\"3858\">Remember your preferences.<\/p><\/li><li class=\"\" data-start=\"3859\" data-end=\"3887\"><p class=\"\" data-start=\"3861\" data-end=\"3887\">Analyze site usage.<\/p><\/li><li class=\"\" data-start=\"3888\" data-end=\"3938\"><p class=\"\" data-start=\"3890\" data-end=\"3938\">Enhance browsing and user experience.<\/p><\/li><\/ul><p class=\"\" data-start=\"3940\" data-end=\"4019\">You can modify or reject cookies through your browser settings.<\/p>\t\t\t\t\t\t\t\t<\/div>\n\t\t\t\t<div class=\"elementor-element elementor-element-34d1075 elementor-widget elementor-widget-heading\" data-id=\"34d1075\" data-element_type=\"widget\" data-e-type=\"widget\" data-widget_type=\"heading.default\">\n\t\t\t\t\t<h2 class=\"elementor-heading-title elementor-size-default\">Changes to This Policy<\/h2>\t\t\t\t<\/div>\n\t\t\t\t<div class=\"elementor-element elementor-element-b090a69 elementor-widget elementor-widget-text-editor\" data-id=\"b090a69\" data-element_type=\"widget\" data-e-type=\"widget\" data-widget_type=\"text-editor.default\">\n\t\t\t\t\t\t\t\t\t<p class=\"\" data-start=\"4059\" data-end=\"4275\">ChiroDuo reserves the right to update this Privacy Policy at any time. We will notify you of any significant changes through our website or the contact channels you have provided.<\/p><p class=\"\" data-start=\"4277\" data-end=\"4313\"><strong data-start=\"4277\" data-end=\"4302\">Last updated:<\/strong> April 2025<\/p>\t\t\t\t\t\t\t\t<\/div>\n\t\t\t\t<div class=\"elementor-element elementor-element-11f554b elementor-widget elementor-widget-heading\" data-id=\"11f554b\" data-element_type=\"widget\" data-e-type=\"widget\" data-widget_type=\"heading.default\">\n\t\t\t\t\t<h2 class=\"elementor-heading-title elementor-size-default\">Questions?<\/h2>\t\t\t\t<\/div>\n\t\t\t\t<div class=\"elementor-element elementor-element-82879a8 elementor-widget elementor-widget-text-editor\" data-id=\"82879a8\" data-element_type=\"widget\" data-e-type=\"widget\" data-widget_type=\"text-editor.default\">\n\t\t\t\t\t\t\t\t\t<p class=\"\" data-start=\"3782\" data-end=\"3828\">If you have any questions or concerns regarding these terms, please contact us:<br data-start=\"4434\" data-end=\"4437\" \/>hola@chiroduo.com<br data-start=\"4467\" data-end=\"4470\" \/>+1 (984) 212-4382<\/p>\t\t\t\t\t\t\t\t<\/div>\n\t\t\t\t\t<\/div>\n\t\t\t\t<\/div>\n\t\t\t\t<\/div>","protected":false},"excerpt":{"rendered":"<p>At ChiroDuo, we take your privacy and data protection very seriously. This policy explains how we collect, use, and protect your personal information when you use our services, whether through our mobile clinics, main office, or by interacting with our website and appointment systems.<\/p>","protected":false},"author":1,"featured_media":0,"parent":0,"menu_order":0,"comment_status":"closed","ping_status":"closed","template":"","meta":{"footnotes":""},"class_list":["post-49","page","type-page","status-publish","hentry"],"yoast_head":"<!-- This site is optimized with the Yoast SEO plugin v27.3 - https:\/\/yoast.com\/product\/yoast-seo-wordpress\/ -->\n<title>Pol\u00edtica de Privacidad - ChiroDuo Quiropr\u00e1cticos | Atenci\u00f3n M\u00f3vil en Carolina del Norte<\/title>\n<meta name=\"robots\" content=\"index, follow, max-snippet:-1, max-image-preview:large, max-video-preview:-1\" \/>\n<link rel=\"canonical\" href=\"https:\/\/chiroduo.com\/en\/privacy-policy\/\" \/>\n<meta property=\"og:locale\" content=\"en_US\" \/>\n<meta property=\"og:type\" content=\"article\" \/>\n<meta property=\"og:title\" content=\"Pol\u00edtica de Privacidad - ChiroDuo Quiropr\u00e1cticos | Atenci\u00f3n M\u00f3vil en Carolina del Norte\" \/>\n<meta property=\"og:description\" content=\"En ChiroDuo, nos tomamos muy en serio la privacidad y la protecci\u00f3n de tus datos. Esta pol\u00edtica explica c\u00f3mo recopilamos, usamos y protegemos tu informaci\u00f3n personal cuando utilizas nuestros servicios, ya sea a trav\u00e9s de nuestras cl\u00ednicas m\u00f3viles, la oficina principal o al interactuar en nuestro sitio web y sistemas de agendamiento.\" \/>\n<meta property=\"og:url\" content=\"https:\/\/chiroduo.com\/en\/privacy-policy\/\" \/>\n<meta property=\"og:site_name\" content=\"ChiroDuo Quiropr\u00e1cticos | Atenci\u00f3n M\u00f3vil en Carolina del Norte\" \/>\n<meta property=\"article:publisher\" content=\"https:\/\/www.facebook.com\/chiroduo\/\" \/>\n<meta property=\"article:modified_time\" content=\"2025-04-22T20:36:39+00:00\" \/>\n<meta name=\"twitter:card\" content=\"summary_large_image\" \/>\n<meta name=\"twitter:label1\" content=\"Est. reading time\" \/>\n\t<meta name=\"twitter:data1\" content=\"3 minutes\" \/>\n<script type=\"application\/ld+json\" class=\"yoast-schema-graph\">{\"@context\":\"https:\\\/\\\/schema.org\",\"@graph\":[{\"@type\":\"WebPage\",\"@id\":\"https:\\\/\\\/chiroduo.com\\\/politica-de-privacidad\\\/\",\"url\":\"https:\\\/\\\/chiroduo.com\\\/politica-de-privacidad\\\/\",\"name\":\"Pol\u00edtica de Privacidad - ChiroDuo Quiropr\u00e1cticos | Atenci\u00f3n M\u00f3vil en Carolina del Norte\",\"isPartOf\":{\"@id\":\"https:\\\/\\\/chiroduo.com\\\/#website\"},\"datePublished\":\"2025-03-13T14:55:39+00:00\",\"dateModified\":\"2025-04-22T20:36:39+00:00\",\"breadcrumb\":{\"@id\":\"https:\\\/\\\/chiroduo.com\\\/politica-de-privacidad\\\/#breadcrumb\"},\"inLanguage\":\"en-US\",\"potentialAction\":[{\"@type\":\"ReadAction\",\"target\":[\"https:\\\/\\\/chiroduo.com\\\/politica-de-privacidad\\\/\"]}]},{\"@type\":\"BreadcrumbList\",\"@id\":\"https:\\\/\\\/chiroduo.com\\\/politica-de-privacidad\\\/#breadcrumb\",\"itemListElement\":[{\"@type\":\"ListItem\",\"position\":1,\"name\":\"Home\",\"item\":\"https:\\\/\\\/chiroduo.com\\\/\"},{\"@type\":\"ListItem\",\"position\":2,\"name\":\"Pol\u00edtica de Privacidad\"}]},{\"@type\":\"WebSite\",\"@id\":\"https:\\\/\\\/chiroduo.com\\\/#website\",\"url\":\"https:\\\/\\\/chiroduo.com\\\/\",\"name\":\"ChiroDuo Quiropr\u00e1cticos | Atenci\u00f3n M\u00f3vil en Carolina del Norte\",\"description\":\"Alivio del dolor y bienestar quiropr\u00e1ctico cerca de ti. Encuentra atenci\u00f3n en nuestras cl\u00ednicas m\u00f3viles y oficina en Raleigh, Smithfield y Durham.\",\"publisher\":{\"@id\":\"https:\\\/\\\/chiroduo.com\\\/#organization\"},\"potentialAction\":[{\"@type\":\"SearchAction\",\"target\":{\"@type\":\"EntryPoint\",\"urlTemplate\":\"https:\\\/\\\/chiroduo.com\\\/?s={search_term_string}\"},\"query-input\":{\"@type\":\"PropertyValueSpecification\",\"valueRequired\":true,\"valueName\":\"search_term_string\"}}],\"inLanguage\":\"en-US\"},{\"@type\":\"Organization\",\"@id\":\"https:\\\/\\\/chiroduo.com\\\/#organization\",\"name\":\"ChiroDuo\",\"url\":\"https:\\\/\\\/chiroduo.com\\\/\",\"logo\":{\"@type\":\"ImageObject\",\"inLanguage\":\"en-US\",\"@id\":\"https:\\\/\\\/chiroduo.com\\\/#\\\/schema\\\/logo\\\/image\\\/\",\"url\":\"https:\\\/\\\/chiroduo.com\\\/wp-content\\\/uploads\\\/2025\\\/03\\\/logo-chiroduo-azul.webp\",\"contentUrl\":\"https:\\\/\\\/chiroduo.com\\\/wp-content\\\/uploads\\\/2025\\\/03\\\/logo-chiroduo-azul.webp\",\"width\":350,\"height\":100,\"caption\":\"ChiroDuo\"},\"image\":{\"@id\":\"https:\\\/\\\/chiroduo.com\\\/#\\\/schema\\\/logo\\\/image\\\/\"},\"sameAs\":[\"https:\\\/\\\/www.facebook.com\\\/chiroduo\\\/\",\"https:\\\/\\\/www.youtube.com\\\/channel\\\/UCo8W8lrNHxWRLwrnlOY20tw\",\"https:\\\/\\\/www.tiktok.com\\\/@chiroduo\",\"https:\\\/\\\/www.instagram.com\\\/chiroduonc\\\/\"]}]}<\/script>\n<!-- \/ Yoast SEO plugin. -->","yoast_head_json":{"title":"Privacy Policy - ChiroDuo Chiropractors | Mobile Care in North Carolina","robots":{"index":"index","follow":"follow","max-snippet":"max-snippet:-1","max-image-preview":"max-image-preview:large","max-video-preview":"max-video-preview:-1"},"canonical":"https:\/\/chiroduo.com\/en\/privacy-policy\/","og_locale":"en_US","og_type":"article","og_title":"Pol\u00edtica de Privacidad - ChiroDuo Quiropr\u00e1cticos | Atenci\u00f3n M\u00f3vil en Carolina del Norte","og_description":"En ChiroDuo, nos tomamos muy en serio la privacidad y la protecci\u00f3n de tus datos. Esta pol\u00edtica explica c\u00f3mo recopilamos, usamos y protegemos tu informaci\u00f3n personal cuando utilizas nuestros servicios, ya sea a trav\u00e9s de nuestras cl\u00ednicas m\u00f3viles, la oficina principal o al interactuar en nuestro sitio web y sistemas de agendamiento.","og_url":"https:\/\/chiroduo.com\/en\/privacy-policy\/","og_site_name":"ChiroDuo Quiropr\u00e1cticos | Atenci\u00f3n M\u00f3vil en Carolina del Norte","article_publisher":"https:\/\/www.facebook.com\/chiroduo\/","article_modified_time":"2025-04-22T20:36:39+00:00","twitter_card":"summary_large_image","twitter_misc":{"Est. reading time":"3 minutes"},"schema":{"@context":"https:\/\/schema.org","@graph":[{"@type":"WebPage","@id":"https:\/\/chiroduo.com\/politica-de-privacidad\/","url":"https:\/\/chiroduo.com\/politica-de-privacidad\/","name":"Privacy Policy - ChiroDuo Chiropractors | Mobile Care in North Carolina","isPartOf":{"@id":"https:\/\/chiroduo.com\/#website"},"datePublished":"2025-03-13T14:55:39+00:00","dateModified":"2025-04-22T20:36:39+00:00","breadcrumb":{"@id":"https:\/\/chiroduo.com\/politica-de-privacidad\/#breadcrumb"},"inLanguage":"en-US","potentialAction":[{"@type":"ReadAction","target":["https:\/\/chiroduo.com\/politica-de-privacidad\/"]}]},{"@type":"BreadcrumbList","@id":"https:\/\/chiroduo.com\/politica-de-privacidad\/#breadcrumb","itemListElement":[{"@type":"ListItem","position":1,"name":"Home","item":"https:\/\/chiroduo.com\/"},{"@type":"ListItem","position":2,"name":"Pol\u00edtica de Privacidad"}]},{"@type":"WebSite","@id":"https:\/\/chiroduo.com\/#website","url":"https:\/\/chiroduo.com\/","name":"ChiroDuo Chiropractors | Mobile Chiropractic Care in North Carolina","description":"Chiropractic pain relief and wellness near you. Find care at our mobile clinics and office in Raleigh, Smithfield and Durham.","publisher":{"@id":"https:\/\/chiroduo.com\/#organization"},"potentialAction":[{"@type":"SearchAction","target":{"@type":"EntryPoint","urlTemplate":"https:\/\/chiroduo.com\/?s={search_term_string}"},"query-input":{"@type":"PropertyValueSpecification","valueRequired":true,"valueName":"search_term_string"}}],"inLanguage":"en-US"},{"@type":"Organization","@id":"https:\/\/chiroduo.com\/#organization","name":"ChiroDuo","url":"https:\/\/chiroduo.com\/","logo":{"@type":"ImageObject","inLanguage":"en-US","@id":"https:\/\/chiroduo.com\/#\/schema\/logo\/image\/","url":"https:\/\/chiroduo.com\/wp-content\/uploads\/2025\/03\/logo-chiroduo-azul.webp","contentUrl":"https:\/\/chiroduo.com\/wp-content\/uploads\/2025\/03\/logo-chiroduo-azul.webp","width":350,"height":100,"caption":"ChiroDuo"},"image":{"@id":"https:\/\/chiroduo.com\/#\/schema\/logo\/image\/"},"sameAs":["https:\/\/www.facebook.com\/chiroduo\/","https:\/\/www.youtube.com\/channel\/UCo8W8lrNHxWRLwrnlOY20tw","https:\/\/www.tiktok.com\/@chiroduo","https:\/\/www.instagram.com\/chiroduonc\/"]}]}},"_links":{"self":[{"href":"https:\/\/chiroduo.com\/en\/wp-json\/wp\/v2\/pages\/49","targetHints":{"allow":["GET"]}}],"collection":[{"href":"https:\/\/chiroduo.com\/en\/wp-json\/wp\/v2\/pages"}],"about":[{"href":"https:\/\/chiroduo.com\/en\/wp-json\/wp\/v2\/types\/page"}],"author":[{"embeddable":true,"href":"https:\/\/chiroduo.com\/en\/wp-json\/wp\/v2\/users\/1"}],"replies":[{"embeddable":true,"href":"https:\/\/chiroduo.com\/en\/wp-json\/wp\/v2\/comments?post=49"}],"version-history":[{"count":0,"href":"https:\/\/chiroduo.com\/en\/wp-json\/wp\/v2\/pages\/49\/revisions"}],"wp:attachment":[{"href":"https:\/\/chiroduo.com\/en\/wp-json\/wp\/v2\/media?parent=49"}],"curies":[{"name":"wp","href":"https:\/\/api.w.org\/{rel}","templated":true}]}}